{"id":98,"date":"2023-10-04T14:58:48","date_gmt":"2023-10-04T14:58:48","guid":{"rendered":"https:\/\/marleneteglgaard.dk\/?page_id=98"},"modified":"2026-01-22T14:22:49","modified_gmt":"2026-01-22T14:22:49","slug":"samtaler-til-boern-unge-og-foraeldre-billund","status":"publish","type":"page","link":"https:\/\/marleneteglgaard.dk\/index.php\/samtaler-til-boern-unge-og-foraeldre-billund\/","title":{"rendered":"Kommuner"},"content":{"rendered":"\n<p>Jeg har stor erfaring og viden om b\u00f8rn, unge og familier. Med mine mange \u00e5rs erfaring fra det kommunale er jeg den rette til at hj\u00e6lpe jer som Kommune. Jeg er uddannet narrativ psykoterapeut og har erfaring som socialr\u00e5dgiver, faglig konsulent og r\u00e5dgiver for b\u00f8rn, unge og familier.<\/p>\n\n\n\n<h2 class=\"wp-block-heading\">B\u00f8rn og unge<\/h2>\n\n\n\n<p>Jeg tilbyder samtaleforl\u00f8b for <strong>s\u00e5rbare b\u00f8rn, unge og familier<\/strong>, hvor der er bevilliget st\u00f8tte jf. Barnets Lov og der er brug for et forl\u00f8b med fokus p\u00e5 det enkelte barn. Det kan v\u00e6re individuelle samtaler med barnet\/den unge eller med inddragelse af for\u00e6ldre, s\u00f8skende, plejefor\u00e6ldre eller andre betydningsfulde voksne. Der kan v\u00e6re tale om kortere sorg- og kriseforl\u00f8b eller l\u00e6ngerevarende familiebehandling. <\/p>\n\n\n\n<h3 class=\"wp-block-heading\">Temaer kan bl.a. v\u00e6re<\/h3>\n\n\n\n<ul class=\"wp-block-list\">\n<li>Angst, depression eller andet sygdom hos enten barnet\/den unge eller for\u00e6ldre<\/li>\n\n\n\n<li>Ensomhed\/isolation<\/li>\n\n\n\n<li>Identitet (k\u00f8n)<\/li>\n\n\n\n<li>Skilsmisse<\/li>\n\n\n\n<li>Familiedynamik<\/li>\n\n\n\n<li>Misbrug af alkohol<\/li>\n<\/ul>\n\n\n\n<p><strong>Kontakt mig gerne med en foresp\u00f8rgsel enten via telefon 23747586 eller skriv via digital post til mit CVR nr. 44114607<\/strong><\/p>\n\n\n\n<div class=\"wp-block-buttons is-layout-flex wp-block-buttons-is-layout-flex\">\n<div class=\"wp-block-button\"><a class=\"wp-block-button__link wp-element-button\" href=\"Mailto:marleneteglgaard-psykoterapeut@outlook.dk\">Mail<\/a><\/div>\n\n\n\n<div class=\"wp-block-button\"><a class=\"wp-block-button__link wp-element-button\" href=\"tel:+4523747586\">Ring<\/a><\/div>\n<\/div>\n\n\n\n<p>\u00d8nsker du at vide mere om mig, s\u00e5 klik <a href=\"https:\/\/marleneteglgaard.dk\/index.php\/om\/\">her<\/a><\/p>\n\n\n\n<div class=\"wp-block-media-text is-stacked-on-mobile is-style-twentytwentyone-image-frame\"><figure class=\"wp-block-media-text__media\"><img loading=\"lazy\" decoding=\"async\" width=\"968\" height=\"1024\" src=\"https:\/\/marleneteglgaard.dk\/wp-content\/uploads\/2025\/08\/thumbnail_IMG_4334-968x1024.jpg\" alt=\"\" class=\"wp-image-346 size-full\" srcset=\"https:\/\/marleneteglgaard.dk\/wp-content\/uploads\/2025\/08\/thumbnail_IMG_4334-968x1024.jpg 968w, https:\/\/marleneteglgaard.dk\/wp-content\/uploads\/2025\/08\/thumbnail_IMG_4334-284x300.jpg 284w, https:\/\/marleneteglgaard.dk\/wp-content\/uploads\/2025\/08\/thumbnail_IMG_4334-768x813.jpg 768w, https:\/\/marleneteglgaard.dk\/wp-content\/uploads\/2025\/08\/thumbnail_IMG_4334.jpg 1310w\" sizes=\"auto, (max-width: 968px) 100vw, 968px\" \/><\/figure><div class=\"wp-block-media-text__content\">\n<blockquote class=\"wp-block-quote is-layout-flow wp-block-quote-is-layout-flow\">\n<p class=\"has-text-align-center\"><em>&#8220;Det er den her hj\u00e6lp vi altid har \u00f8nsket os, &#8211; vi har r\u00e5bt p\u00e5 den i flere \u00e5r. St\u00f8tten i hjemmet er blevet sat ned med 3 timer i ugen. Det er p\u00e5 grund af effekterne ved forl\u00f8bet her. Vi er blevet meget bedre til at kommunikere og at st\u00e5 sammen som for\u00e6ldre, n\u00e5r vores s\u00f8n har det sv\u00e6rt. Vi er ved at f\u00e5 en st\u00f8rre forst\u00e5else af os selv og hinandens reaktioner, s\u00e5 vi er bedre i stand til at v\u00e6re der for ham og for hinanden&#8221;<\/em><\/p>\n\n\n\n<p class=\"has-text-align-center\">Par\/for\u00e6ldre til barn med funktionsneds\u00e6ttelse, efter kun 9 sessioner<\/p>\n<\/blockquote>\n<\/div><\/div>\n\n\n\n<h2 class=\"wp-block-heading has-text-align-center\">Det siger klienterne&#8230;<\/h2>\n\n\n\n<p class=\"has-text-align-center\"><em>&#8220;At v\u00e6re i forl\u00f8b hos dig, er trygt og rart. Dine sm\u00e5 tegninger form\u00e5r at g\u00f8re alt det der virker s\u00e5 stort og sv\u00e6rt, til noget helt simpelt og overskueligt. Selv om det har v\u00e6ret sv\u00e6rt at beskrive de tanker og frustrationer der har fyldt meget, s\u00e5 er det som om, at du med et trylleslag f\u00e5r stillet de rette sp\u00f8rgsm\u00e5l og griber lige netop de ord der beskriver det bedst. Vi kunne ikke v\u00e6re n\u00e5et hertil uden din hj\u00e6lp, og vi er helt trygge ved at vide at du er lige der, hvis vi igen f\u00e5r brug for et trygt sted at s\u00f8ge vejledning&#8221;<\/em><\/p>\n\n\n\n<p class=\"has-text-align-center\">Mor til teenager<\/p>\n\n\n\n<h2 class=\"wp-block-heading\">St\u00f8tte efter barnets lov<\/h2>\n\n\n\n<p>Jeg tilbyder familiebehandling eller behandling af barnet eller den unge bevilliget efter Barnets lov. Jeg kalder det <a href=\"https:\/\/marleneteglgaard.dk\/index.php\/samtaleterapi-til-private\/familieterapi\/\">Familieterapi<\/a> eller <a href=\"https:\/\/marleneteglgaard.dk\/index.php\/samtaleterapi-til-private\/\">Individuel terapi<\/a> til barnet\/den unge<\/p>\n\n\n\n<h4 class=\"wp-block-heading\">Kontaktoplysninger<\/h4>\n\n\n\n<p><a href=\"mailto:marleneteglgaard-psykoterapeut@outlook.dk\">marleneteglgaard-psykoterapeut@outlook.dk<\/a><\/p>\n\n\n\n<p>Sundhedshuset<br>Granvej 2E, st. 7190 Billund<\/p>\n\n\n\n<p>Telefon: +45 2374 7586<\/p>\n\n\n\n<p><\/p>\n","protected":false},"excerpt":{"rendered":"<p>Jeg har stor erfaring og viden om b\u00f8rn, unge og familier. Med mine mange \u00e5rs erfaring fra det kommunale er [&hellip;]<\/p>\n","protected":false},"author":1,"featured_media":0,"parent":0,"menu_order":0,"comment_status":"closed","ping_status":"closed","template":"","meta":{"site-sidebar-layout":"default","site-content-layout":"","ast-site-content-layout":"default","site-content-style":"default","site-sidebar-style":"default","ast-global-header-display":"","ast-banner-title-visibility":"","ast-main-header-display":"","ast-hfb-above-header-display":"","ast-hfb-below-header-display":"","ast-hfb-mobile-header-display":"","site-post-title":"","ast-breadcrumbs-content":"","ast-featured-img":"","footer-sml-layout":"","ast-disable-related-posts":"","theme-transparent-header-meta":"","adv-header-id-meta":"","stick-header-meta":"","header-above-stick-meta":"","header-main-stick-meta":"","header-below-stick-meta":"","astra-migrate-meta-layouts":"default","ast-page-background-enabled":"default","ast-page-background-meta":{"desktop":{"background-color":"var(--ast-global-color-5)","background-image":"","background-repeat":"repeat","background-position":"center center","background-size":"auto","background-attachment":"scroll","background-type":"","background-media":"","overlay-type":"","overlay-color":"","overlay-opacity":"","overlay-gradient":""},"tablet":{"background-color":"","background-image":"","background-repeat":"repeat","background-position":"center center","background-size":"auto","background-attachment":"scroll","background-type":"","background-media":"","overlay-type":"","overlay-color":"","overlay-opacity":"","overlay-gradient":""},"mobile":{"background-color":"","background-image":"","background-repeat":"repeat","background-position":"center center","background-size":"auto","background-attachment":"scroll","background-type":"","background-media":"","overlay-type":"","overlay-color":"","overlay-opacity":"","overlay-gradient":""}},"ast-content-background-meta":{"desktop":{"background-color":"var(--ast-global-color-4)","background-image":"","background-repeat":"repeat","background-position":"center center","background-size":"auto","background-attachment":"scroll","background-type":"","background-media":"","overlay-type":"","overlay-color":"","overlay-opacity":"","overlay-gradient":""},"tablet":{"background-color":"var(--ast-global-color-4)","background-image":"","background-repeat":"repeat","background-position":"center center","background-size":"auto","background-attachment":"scroll","background-type":"","background-media":"","overlay-type":"","overlay-color":"","overlay-opacity":"","overlay-gradient":""},"mobile":{"background-color":"var(--ast-global-color-4)","background-image":"","background-repeat":"repeat","background-position":"center center","background-size":"auto","background-attachment":"scroll","background-type":"","background-media":"","overlay-type":"","overlay-color":"","overlay-opacity":"","overlay-gradient":""}},"footnotes":""},"class_list":["post-98","page","type-page","status-publish","hentry"],"yoast_head":"<!-- This site is optimized with the Yoast SEO plugin v27.4 - https:\/\/yoast.com\/product\/yoast-seo-wordpress\/ -->\n<title>Kommuner - Psykoterapi<\/title>\n<meta name=\"description\" content=\"Jeg har mange \u00e5rs erfaring i samtalen med b\u00f8rn, unge og deres for\u00e6ldre. Hos mig hj\u00e6lpes for\u00e6ldre til at st\u00e5 st\u00e6rkt sammen i deres for\u00e6ldreskab og sikre st\u00f8rst mulig trivsel hos barnet.\" \/>\n<meta name=\"robots\" content=\"index, follow, max-snippet:-1, max-image-preview:large, max-video-preview:-1\" \/>\n<link rel=\"canonical\" href=\"https:\/\/marleneteglgaard.dk\/index.php\/samtaler-til-boern-unge-og-foraeldre-billund\/\" \/>\n<meta property=\"og:locale\" content=\"da_DK\" \/>\n<meta property=\"og:type\" content=\"article\" \/>\n<meta property=\"og:title\" content=\"Kommuner - Psykoterapi\" \/>\n<meta property=\"og:description\" content=\"Jeg har mange \u00e5rs erfaring i samtalen med b\u00f8rn, unge og deres for\u00e6ldre. Hos mig hj\u00e6lpes for\u00e6ldre til at st\u00e5 st\u00e6rkt sammen i deres for\u00e6ldreskab og sikre st\u00f8rst mulig trivsel hos barnet.\" \/>\n<meta property=\"og:url\" content=\"https:\/\/marleneteglgaard.dk\/index.php\/samtaler-til-boern-unge-og-foraeldre-billund\/\" \/>\n<meta property=\"og:site_name\" content=\"Psykoterapi\" \/>\n<meta property=\"article:publisher\" content=\"https:\/\/www.facebook.com\/profile.php?id=100085851555208\" \/>\n<meta property=\"article:modified_time\" content=\"2026-01-22T14:22:49+00:00\" \/>\n<meta property=\"og:image\" content=\"https:\/\/marleneteglgaard.dk\/wp-content\/uploads\/2025\/08\/thumbnail_IMG_4334.jpg\" \/>\n\t<meta property=\"og:image:width\" content=\"1310\" \/>\n\t<meta property=\"og:image:height\" content=\"1386\" \/>\n\t<meta property=\"og:image:type\" content=\"image\/jpeg\" \/>\n<meta name=\"twitter:card\" content=\"summary_large_image\" \/>\n<meta name=\"twitter:label1\" content=\"Estimeret l\u00e6setid\" \/>\n\t<meta name=\"twitter:data1\" content=\"2 minutter\" \/>\n<script type=\"application\/ld+json\" class=\"yoast-schema-graph\">{\"@context\":\"https:\\\/\\\/schema.org\",\"@graph\":[{\"@type\":\"WebPage\",\"@id\":\"https:\\\/\\\/marleneteglgaard.dk\\\/index.php\\\/samtaler-til-boern-unge-og-foraeldre-billund\\\/\",\"url\":\"https:\\\/\\\/marleneteglgaard.dk\\\/index.php\\\/samtaler-til-boern-unge-og-foraeldre-billund\\\/\",\"name\":\"Kommuner - Psykoterapi\",\"isPartOf\":{\"@id\":\"https:\\\/\\\/marleneteglgaard.dk\\\/#website\"},\"primaryImageOfPage\":{\"@id\":\"https:\\\/\\\/marleneteglgaard.dk\\\/index.php\\\/samtaler-til-boern-unge-og-foraeldre-billund\\\/#primaryimage\"},\"image\":{\"@id\":\"https:\\\/\\\/marleneteglgaard.dk\\\/index.php\\\/samtaler-til-boern-unge-og-foraeldre-billund\\\/#primaryimage\"},\"thumbnailUrl\":\"https:\\\/\\\/marleneteglgaard.dk\\\/wp-content\\\/uploads\\\/2025\\\/08\\\/thumbnail_IMG_4334-968x1024.jpg\",\"datePublished\":\"2023-10-04T14:58:48+00:00\",\"dateModified\":\"2026-01-22T14:22:49+00:00\",\"description\":\"Jeg har mange \u00e5rs erfaring i samtalen med b\u00f8rn, unge og deres for\u00e6ldre. Hos mig hj\u00e6lpes for\u00e6ldre til at st\u00e5 st\u00e6rkt sammen i deres for\u00e6ldreskab og sikre st\u00f8rst mulig trivsel hos barnet.\",\"breadcrumb\":{\"@id\":\"https:\\\/\\\/marleneteglgaard.dk\\\/index.php\\\/samtaler-til-boern-unge-og-foraeldre-billund\\\/#breadcrumb\"},\"inLanguage\":\"da-DK\",\"potentialAction\":[{\"@type\":\"ReadAction\",\"target\":[\"https:\\\/\\\/marleneteglgaard.dk\\\/index.php\\\/samtaler-til-boern-unge-og-foraeldre-billund\\\/\"]}]},{\"@type\":\"ImageObject\",\"inLanguage\":\"da-DK\",\"@id\":\"https:\\\/\\\/marleneteglgaard.dk\\\/index.php\\\/samtaler-til-boern-unge-og-foraeldre-billund\\\/#primaryimage\",\"url\":\"https:\\\/\\\/marleneteglgaard.dk\\\/wp-content\\\/uploads\\\/2025\\\/08\\\/thumbnail_IMG_4334.jpg\",\"contentUrl\":\"https:\\\/\\\/marleneteglgaard.dk\\\/wp-content\\\/uploads\\\/2025\\\/08\\\/thumbnail_IMG_4334.jpg\",\"width\":1310,\"height\":1386,\"caption\":\"Socialr\u00e5dgiver, psykoterapeut, familiebehandler\"},{\"@type\":\"BreadcrumbList\",\"@id\":\"https:\\\/\\\/marleneteglgaard.dk\\\/index.php\\\/samtaler-til-boern-unge-og-foraeldre-billund\\\/#breadcrumb\",\"itemListElement\":[{\"@type\":\"ListItem\",\"position\":1,\"name\":\"Hjem\",\"item\":\"https:\\\/\\\/marleneteglgaard.dk\\\/\"},{\"@type\":\"ListItem\",\"position\":2,\"name\":\"Kommuner\"}]},{\"@type\":\"WebSite\",\"@id\":\"https:\\\/\\\/marleneteglgaard.dk\\\/#website\",\"url\":\"https:\\\/\\\/marleneteglgaard.dk\\\/\",\"name\":\"Psykoterapi v\\\/Marlene Teglgaard\",\"description\":\"Billund \",\"publisher\":{\"@id\":\"https:\\\/\\\/marleneteglgaard.dk\\\/#organization\"},\"potentialAction\":[{\"@type\":\"SearchAction\",\"target\":{\"@type\":\"EntryPoint\",\"urlTemplate\":\"https:\\\/\\\/marleneteglgaard.dk\\\/?s={search_term_string}\"},\"query-input\":{\"@type\":\"PropertyValueSpecification\",\"valueRequired\":true,\"valueName\":\"search_term_string\"}}],\"inLanguage\":\"da-DK\"},{\"@type\":\"Organization\",\"@id\":\"https:\\\/\\\/marleneteglgaard.dk\\\/#organization\",\"name\":\"Psykoterapi v\\\/Marlene Teglgaard\",\"url\":\"https:\\\/\\\/marleneteglgaard.dk\\\/\",\"logo\":{\"@type\":\"ImageObject\",\"inLanguage\":\"da-DK\",\"@id\":\"https:\\\/\\\/marleneteglgaard.dk\\\/#\\\/schema\\\/logo\\\/image\\\/\",\"url\":\"https:\\\/\\\/marleneteglgaard.dk\\\/wp-content\\\/uploads\\\/2023\\\/10\\\/cropped-thumbnail_IMG_9645-e1696419512523.jpg\",\"contentUrl\":\"https:\\\/\\\/marleneteglgaard.dk\\\/wp-content\\\/uploads\\\/2023\\\/10\\\/cropped-thumbnail_IMG_9645-e1696419512523.jpg\",\"width\":512,\"height\":512,\"caption\":\"Psykoterapi v\\\/Marlene Teglgaard\"},\"image\":{\"@id\":\"https:\\\/\\\/marleneteglgaard.dk\\\/#\\\/schema\\\/logo\\\/image\\\/\"},\"sameAs\":[\"https:\\\/\\\/www.facebook.com\\\/profile.php?id=100085851555208\"]}]}<\/script>\n<!-- \/ Yoast SEO plugin. -->","yoast_head_json":{"title":"Kommuner - Psykoterapi","description":"Jeg har mange \u00e5rs erfaring i samtalen med b\u00f8rn, unge og deres for\u00e6ldre. Hos mig hj\u00e6lpes for\u00e6ldre til at st\u00e5 st\u00e6rkt sammen i deres for\u00e6ldreskab og sikre st\u00f8rst mulig trivsel hos barnet.","robots":{"index":"index","follow":"follow","max-snippet":"max-snippet:-1","max-image-preview":"max-image-preview:large","max-video-preview":"max-video-preview:-1"},"canonical":"https:\/\/marleneteglgaard.dk\/index.php\/samtaler-til-boern-unge-og-foraeldre-billund\/","og_locale":"da_DK","og_type":"article","og_title":"Kommuner - Psykoterapi","og_description":"Jeg har mange \u00e5rs erfaring i samtalen med b\u00f8rn, unge og deres for\u00e6ldre. Hos mig hj\u00e6lpes for\u00e6ldre til at st\u00e5 st\u00e6rkt sammen i deres for\u00e6ldreskab og sikre st\u00f8rst mulig trivsel hos barnet.","og_url":"https:\/\/marleneteglgaard.dk\/index.php\/samtaler-til-boern-unge-og-foraeldre-billund\/","og_site_name":"Psykoterapi","article_publisher":"https:\/\/www.facebook.com\/profile.php?id=100085851555208","article_modified_time":"2026-01-22T14:22:49+00:00","og_image":[{"width":1310,"height":1386,"url":"https:\/\/marleneteglgaard.dk\/wp-content\/uploads\/2025\/08\/thumbnail_IMG_4334.jpg","type":"image\/jpeg"}],"twitter_card":"summary_large_image","twitter_misc":{"Estimeret l\u00e6setid":"2 minutter"},"schema":{"@context":"https:\/\/schema.org","@graph":[{"@type":"WebPage","@id":"https:\/\/marleneteglgaard.dk\/index.php\/samtaler-til-boern-unge-og-foraeldre-billund\/","url":"https:\/\/marleneteglgaard.dk\/index.php\/samtaler-til-boern-unge-og-foraeldre-billund\/","name":"Kommuner - Psykoterapi","isPartOf":{"@id":"https:\/\/marleneteglgaard.dk\/#website"},"primaryImageOfPage":{"@id":"https:\/\/marleneteglgaard.dk\/index.php\/samtaler-til-boern-unge-og-foraeldre-billund\/#primaryimage"},"image":{"@id":"https:\/\/marleneteglgaard.dk\/index.php\/samtaler-til-boern-unge-og-foraeldre-billund\/#primaryimage"},"thumbnailUrl":"https:\/\/marleneteglgaard.dk\/wp-content\/uploads\/2025\/08\/thumbnail_IMG_4334-968x1024.jpg","datePublished":"2023-10-04T14:58:48+00:00","dateModified":"2026-01-22T14:22:49+00:00","description":"Jeg har mange \u00e5rs erfaring i samtalen med b\u00f8rn, unge og deres for\u00e6ldre. Hos mig hj\u00e6lpes for\u00e6ldre til at st\u00e5 st\u00e6rkt sammen i deres for\u00e6ldreskab og sikre st\u00f8rst mulig trivsel hos barnet.","breadcrumb":{"@id":"https:\/\/marleneteglgaard.dk\/index.php\/samtaler-til-boern-unge-og-foraeldre-billund\/#breadcrumb"},"inLanguage":"da-DK","potentialAction":[{"@type":"ReadAction","target":["https:\/\/marleneteglgaard.dk\/index.php\/samtaler-til-boern-unge-og-foraeldre-billund\/"]}]},{"@type":"ImageObject","inLanguage":"da-DK","@id":"https:\/\/marleneteglgaard.dk\/index.php\/samtaler-til-boern-unge-og-foraeldre-billund\/#primaryimage","url":"https:\/\/marleneteglgaard.dk\/wp-content\/uploads\/2025\/08\/thumbnail_IMG_4334.jpg","contentUrl":"https:\/\/marleneteglgaard.dk\/wp-content\/uploads\/2025\/08\/thumbnail_IMG_4334.jpg","width":1310,"height":1386,"caption":"Socialr\u00e5dgiver, psykoterapeut, familiebehandler"},{"@type":"BreadcrumbList","@id":"https:\/\/marleneteglgaard.dk\/index.php\/samtaler-til-boern-unge-og-foraeldre-billund\/#breadcrumb","itemListElement":[{"@type":"ListItem","position":1,"name":"Hjem","item":"https:\/\/marleneteglgaard.dk\/"},{"@type":"ListItem","position":2,"name":"Kommuner"}]},{"@type":"WebSite","@id":"https:\/\/marleneteglgaard.dk\/#website","url":"https:\/\/marleneteglgaard.dk\/","name":"Psykoterapi v\/Marlene Teglgaard","description":"Billund ","publisher":{"@id":"https:\/\/marleneteglgaard.dk\/#organization"},"potentialAction":[{"@type":"SearchAction","target":{"@type":"EntryPoint","urlTemplate":"https:\/\/marleneteglgaard.dk\/?s={search_term_string}"},"query-input":{"@type":"PropertyValueSpecification","valueRequired":true,"valueName":"search_term_string"}}],"inLanguage":"da-DK"},{"@type":"Organization","@id":"https:\/\/marleneteglgaard.dk\/#organization","name":"Psykoterapi v\/Marlene Teglgaard","url":"https:\/\/marleneteglgaard.dk\/","logo":{"@type":"ImageObject","inLanguage":"da-DK","@id":"https:\/\/marleneteglgaard.dk\/#\/schema\/logo\/image\/","url":"https:\/\/marleneteglgaard.dk\/wp-content\/uploads\/2023\/10\/cropped-thumbnail_IMG_9645-e1696419512523.jpg","contentUrl":"https:\/\/marleneteglgaard.dk\/wp-content\/uploads\/2023\/10\/cropped-thumbnail_IMG_9645-e1696419512523.jpg","width":512,"height":512,"caption":"Psykoterapi v\/Marlene Teglgaard"},"image":{"@id":"https:\/\/marleneteglgaard.dk\/#\/schema\/logo\/image\/"},"sameAs":["https:\/\/www.facebook.com\/profile.php?id=100085851555208"]}]}},"_links":{"self":[{"href":"https:\/\/marleneteglgaard.dk\/index.php\/wp-json\/wp\/v2\/pages\/98","targetHints":{"allow":["GET"]}}],"collection":[{"href":"https:\/\/marleneteglgaard.dk\/index.php\/wp-json\/wp\/v2\/pages"}],"about":[{"href":"https:\/\/marleneteglgaard.dk\/index.php\/wp-json\/wp\/v2\/types\/page"}],"author":[{"embeddable":true,"href":"https:\/\/marleneteglgaard.dk\/index.php\/wp-json\/wp\/v2\/users\/1"}],"replies":[{"embeddable":true,"href":"https:\/\/marleneteglgaard.dk\/index.php\/wp-json\/wp\/v2\/comments?post=98"}],"version-history":[{"count":23,"href":"https:\/\/marleneteglgaard.dk\/index.php\/wp-json\/wp\/v2\/pages\/98\/revisions"}],"predecessor-version":[{"id":546,"href":"https:\/\/marleneteglgaard.dk\/index.php\/wp-json\/wp\/v2\/pages\/98\/revisions\/546"}],"wp:attachment":[{"href":"https:\/\/marleneteglgaard.dk\/index.php\/wp-json\/wp\/v2\/media?parent=98"}],"curies":[{"name":"wp","href":"https:\/\/api.w.org\/{rel}","templated":true}]}}