{"id":408,"date":"2025-10-09T15:01:13","date_gmt":"2025-10-09T15:01:13","guid":{"rendered":"https:\/\/marleneteglgaard.dk\/?page_id=408"},"modified":"2026-01-22T14:43:46","modified_gmt":"2026-01-22T14:43:46","slug":"parterapi-billund","status":"publish","type":"page","link":"https:\/\/marleneteglgaard.dk\/index.php\/samtaleterapi-til-private\/parterapi-billund\/","title":{"rendered":"Parterapi"},"content":{"rendered":"\n<h2 class=\"wp-block-heading\">Hvorn\u00e5r skal vi g\u00e5 i parterapi?<\/h2>\n\n\n\n<details class=\"wp-block-details is-layout-flow wp-block-details-is-layout-flow\"><summary>Parterapi er for jer, der st\u00e5r midt i en krise &amp; for jer der som par blot \u00f8nsker at g\u00f8re noget aktivt for at styrke parforholdet og vedligeholde k\u00e6rligheden.<\/summary>\n<p>St\u00e5r I midt i en krise? Det kan v\u00e6re at I oplever mistillid, jalousi, sygdom, sorg eller andet. S\u00e5 er det helt almindeligt, at have brug for hj\u00e6lp til, at f\u00e5 taget de sv\u00e6re og s\u00e5rbare samtaler. <a href=\"mailto:marleneteglgaard-psykoterapeut@outlook.dk\">Kontakt mig<\/a>, hvis I \u00f8nsker hj\u00e6lp midt i krisen. I skal ikke st\u00e5 alene!<\/p>\n<\/details>\n\n\n\n<div class=\"wp-block-group alignfull is-layout-constrained wp-block-group-is-layout-constrained\">\n<div class=\"wp-block-cover alignfull is-light\" style=\"min-height:458px;aspect-ratio:unset;\"><img loading=\"lazy\" decoding=\"async\" width=\"768\" height=\"1024\" class=\"wp-block-cover__image-background wp-image-421 size-large\" alt=\"Parterapi i Billund. Jeg skaber et s\u00e6rligt rum til jeres s\u00e6rlige samtaler.\" src=\"https:\/\/marleneteglgaard.dk\/wp-content\/uploads\/2025\/10\/Parterapi-1-768x1024.jpg\" data-object-fit=\"cover\" srcset=\"https:\/\/marleneteglgaard.dk\/wp-content\/uploads\/2025\/10\/Parterapi-1-768x1024.jpg 768w, https:\/\/marleneteglgaard.dk\/wp-content\/uploads\/2025\/10\/Parterapi-1-225x300.jpg 225w, https:\/\/marleneteglgaard.dk\/wp-content\/uploads\/2025\/10\/Parterapi-1-1152x1536.jpg 1152w, https:\/\/marleneteglgaard.dk\/wp-content\/uploads\/2025\/10\/Parterapi-1-rotated.jpg 1512w\" sizes=\"auto, (max-width: 768px) 100vw, 768px\" \/><span aria-hidden=\"true\" class=\"wp-block-cover__background has-background-dim\" style=\"background-color:#92877b\"><\/span><div class=\"wp-block-cover__inner-container is-layout-flow wp-block-cover-is-layout-flow\">\n<h2 class=\"wp-block-heading has-text-align-center has-ast-global-color-7-color has-text-color has-link-color has-x-large-font-size wp-elements-55af8203b46d88a079e53ddab59465dd\">Parterapi Billund<\/h2>\n\n\n\n<blockquote class=\"wp-block-quote is-layout-flow wp-block-quote-is-layout-flow\">\n<p class=\"has-text-align-center has-ast-global-color-7-color has-text-color has-link-color has-small-font-size wp-elements-858f1a2c698b4ea4eb271aab8a6ed385\">Et s\u00e6rligt rum til jeres s\u00e6rlige samtaler<\/p>\n<\/blockquote>\n<\/div><\/div>\n<\/div>\n\n\n\n<h2 class=\"wp-block-heading\">Parterapi &#8211; n\u00e5r I elsker hinanden<\/h2>\n\n\n\n<p>K\u00e6rlighed er en gave og noget der ikke kommer af sig selv. Hvis I elsker hinanden og oplever k\u00e6rligheden og dens kraft, s\u00e5 ved I at den er v\u00e6rd at v\u00e6rne om. Det er n\u00f8dvendigt at g\u00f8re sig umage og prioritere k\u00e6rligheden og parforholdet. M\u00e5ske \u00f8nsker I, at den skal vokse sig endnu st\u00f8rre? Jeg plejer at sige, at man k\u00f8rer sin bil p\u00e5 v\u00e6rksted for at vedligeholde den. Og man vander blomsterne i haven, for at de skal vokse. P\u00e5 samme m\u00e5de b\u00f8r I pleje og vande k\u00e6rligheden og jeres parforhold.<\/p>\n\n\n\n<p>At pleje og vande k\u00e6rligheden kan g\u00f8res p\u00e5 mange m\u00e5der. Der er de sm\u00e5 ting i hverdagen, som at sp\u00f8rge nysgerrigt ind til din partner, give et knus eller et kys. Du kan ogs\u00e5 g\u00f8re noget, som du ved din partner s\u00e6tter pris p\u00e5. Vis din partner, at han\/hun betyder noget for dig!<\/p>\n\n\n\n<p>Det kan ogs\u00e5 v\u00e6re, at I har lyst til at pr\u00f8ve parterapi? Fordi I ligesom alle andre par oplever, at I indimellem taler forbi hinanden? F\u00e5 her <a href=\"#tre-bud\">mine 3 bud<\/a> p\u00e5, hvor det kan g\u00e5 galt i kommunikationen eller kontakt mig <a href=\"mailto:marleneteglgaard-psykoterapeut@outlook.dk\">her<\/a>, hvis I \u00f8nsker at pr\u00f8ve parterapi.<\/p>\n\n\n\n<h2 class=\"wp-block-heading\">Parterapi &#8211; hvis I synes det er sv\u00e6rt<\/h2>\n\n\n\n<p>Selv om I har stor k\u00e6rlighed til hinanden, s\u00e5 er det helt almindelig, at man som par indimellem oplever udfordringer. Og at det i perioder kan v\u00e6re sv\u00e6rt at finde takten, &#8211; og m\u00e5ske endda sv\u00e6rt at m\u00e6rke k\u00e6rligheden. M\u00e5ske bliver I skr\u00e6mte, n\u00e5r den f\u00f8rste forelskelse har lagt sig, og I m\u00e6rker at noget forandrer sig. &#8220;Forelskelse g\u00f8r blind&#8221; kan man sige, fordi forelskelse er en intens n\u00e6rmest euforisk f\u00f8lelse, hvor man oplever en st\u00e6rk tiltr\u00e6kning og ofte har en idealiseret opfattelse af sin partner, som g\u00f8r at man ikke ser de sm\u00e5 &#8220;fejl og mangler&#8221;, som ens partner ogs\u00e5 har. <\/p>\n\n\n\n<p>Lad jer ikke skr\u00e6mme af hinandens s\u00e5kaldte &#8220;fejl og mangler&#8221; &#8211; eller forskelligheder, triggere og m\u00f8nstre, som jeg kalder dem. Der er et stort potentiale i, i stedet at skabe en dybere og mere varig tilknytning til hinanden. For at kunne dette, kan det v\u00e6re en hj\u00e6lp, at I hver is\u00e6r og sammen l\u00e6rer jeres m\u00f8nster at kende. Dette s\u00e5 I ikke bliver grebet af usikkerhed p\u00e5 jer selv eller tanker som: &#8220;vi passer nok slet ikke sammen&#8221;. Vejen her til kan v\u00e6re parterapi, hvor jeg hj\u00e6lper jer til at forst\u00e5 og opdage, hvordan jeres m\u00f8nster kan gribe fat og skabe afstand imellem jer. Det betyder, at I sammen opdager, at det er m\u00f8nstret der er jeres f\u00e6lles fjende &#8211; og ikke hinanden.<\/p>\n\n\n\n<p>Det er vigtigt, at I begge oplever, at der er plads til jer i parforholdet. Og liges\u00e5dan er det vigtigt for mig, at I begge oplever at der er plads til jer i parterapien. Jeg g\u00f8r mig umage, for at ingen af jer skal f\u00f8le jer forkert og at I begge f\u00e5r sagt det I har p\u00e5 hjertet. <a href=\"mailto:marleneteglgaard-psykoterapeut@outlook.dk\">Kontakt mig<\/a> og book en tid, hvis I stadig synes det er sv\u00e6rt.<\/p>\n\n\n\n<div class=\"wp-block-cover alignright\"><img loading=\"lazy\" decoding=\"async\" width=\"768\" height=\"1024\" class=\"wp-block-cover__image-background wp-image-298\" alt=\"Billig parterapi\" src=\"https:\/\/marleneteglgaard.dk\/wp-content\/uploads\/2025\/01\/IMG_0142-768x1024.jpg\" data-object-fit=\"cover\" srcset=\"https:\/\/marleneteglgaard.dk\/wp-content\/uploads\/2025\/01\/IMG_0142-768x1024.jpg 768w, https:\/\/marleneteglgaard.dk\/wp-content\/uploads\/2025\/01\/IMG_0142-225x300.jpg 225w, https:\/\/marleneteglgaard.dk\/wp-content\/uploads\/2025\/01\/IMG_0142-1152x1536.jpg 1152w, https:\/\/marleneteglgaard.dk\/wp-content\/uploads\/2025\/01\/IMG_0142.jpg 1170w\" sizes=\"auto, (max-width: 768px) 100vw, 768px\" \/><span aria-hidden=\"true\" class=\"wp-block-cover__background has-background-dim\"><\/span><div class=\"wp-block-cover__inner-container is-layout-flow wp-block-cover-is-layout-flow\">\n<p class=\"has-text-align-center has-ast-global-color-4-color has-text-color has-link-color has-large-font-size wp-elements-60c8ba8e8bf5141d0752e062b0a95c9d\">Spar over 2000,-<\/p>\n\n\n\n<p class=\"has-text-align-center has-ast-global-color-4-color has-text-color has-link-color wp-elements-fb410fd48995f96e18331c49ff53eef3\">K\u00f8b parforl\u00f8b p\u00e5 10 parsamtaler for kun 11.950kr (pris for enkelte samtaler er 1.400kr)<\/p>\n\n\n\n<div class=\"wp-block-buttons is-content-justification-center is-layout-flex wp-container-core-buttons-is-layout-a89b3969 wp-block-buttons-is-layout-flex\">\n<div class=\"wp-block-button has-custom-width wp-block-button__width-75\"><a class=\"wp-block-button__link has-ast-global-color-4-color has-ast-global-color-0-background-color has-text-color has-background has-link-color wp-element-button\" href=\"mailto:marleneteglgaard-psykoterapeut@outlook.dk\">Book tid<\/a><\/div>\n<\/div>\n<\/div><\/div>\n\n\n\n<h2 class=\"wp-block-heading\">Parterapi &#8211; hvis I overvejer skilsmisse<\/h2>\n\n\n\n<p>Mange par, der kommer i parterapi, er i tvivl om de skal blive sammen. Men faktisk viser unders\u00f8gelser, at 30% af alle par der skilles, g\u00f8r det fordi det er deres bedste fors\u00f8g p\u00e5 at l\u00f8se de problemer de st\u00e5r i. De \u00f8nsker s\u00e5ledes ikke at blive skilt, men kan ikke se andre veje ud af problemerne. Derfor kan det v\u00e6re godt at pr\u00f8ve parterapi inden I beslutter jer for, om I skal g\u00e5 hver til sit.<\/p>\n\n\n\n<h3 class=\"wp-block-heading\">M\u00e5ske kan parterapi redde parforholdet<\/h3>\n\n\n\n<p>Der kan v\u00e6re mange grunde til, at I er landet et sted, hvor en eller I begge overvejer skilsmisse. Det kan v\u00e6re, at I st\u00e5r midt i en krise. At der har v\u00e6ret  utroskab, sygdom, sorg eller store og gentagne konflikter, som slider og skaber afstand imellem jer. Andre gange er det en f\u00f8lelse af, at v\u00e6re vokset fra hinanden. Eller en f\u00f8lelse af, at der ikke er &#8220;plads til mig&#8221;. Du kan m\u00e5ske have en n\u00e6sten fysisk f\u00f8lelse af, ikke at kunne &#8220;f\u00e5 luft&#8221;. Det er naturligt i en krise, at have tanker om at g\u00e5 hver til sit. Og tanken om skilsmisse kan f\u00f8re skyld, skam og sorg med sig. Det kan ogs\u00e5 v\u00e6re sv\u00e6rt at sige til sin partner, at man g\u00e5r med disse tanker.<\/p>\n\n\n\n<p>M\u00e5ske kan parterapi blive jeres redning. Parterapi kan v\u00e6re et rum, hvor I f\u00e5r taget de sv\u00e6re og s\u00e5rbare snakke. Parterapi kan hj\u00e6lpe jer til, at f\u00e5 nye handlemuligheder, n\u00e5r I lander i de sv\u00e6re situationer og f\u00f8lelser. Jeg vil hj\u00e6lpe jer med at f\u00e5 sat ord p\u00e5 det der fylder. Og hj\u00e6lpe til, at I kan f\u00e5 delt jeres tanker, l\u00e6ngsler og behov med hinanden. <\/p>\n\n\n\n<p>For at parterapi kan blive jeres redning, s\u00e5 kr\u00e6ver det overskud og MOD. I skal begge v\u00e6re klar til at arbejde med jer selv &#8211; og med parforholdet! Kontakt mig <a href=\"mailto:marleneteglgaard-psykoterapeut@outlook.dk\">her<\/a>, hvis I er klar og har modet!<\/p>\n\n\n\n<h3 class=\"wp-block-heading\">\u00d8nsker I at g\u00e5 fra hinanden?<\/h3>\n\n\n\n<p>\u00d8nsker I at g\u00e5 hver til sit? Eller finder I i parterapien ud af, at et brud\/skilsmisse er n\u00f8dvendigt? S\u00e5 kan jeg ogs\u00e5 hj\u00e6lpe jer med, at f\u00e5 afsluttet parforholdet p\u00e5 en mere konstruktiv og rolig m\u00e5de. Det kan v\u00e6re s\u00e6rlig vigtigt, n\u00e5r der er b\u00f8rn, der bliver p\u00e5virket af bruddet og I skal samarbejde om for\u00e6ldreskabet efter I er g\u00e5et fra hinanden. Kontakt mig <a href=\"mailto:marleneteglgaard-psykoterapeut@outlook.dk\">her<\/a>, hvis I \u00f8nsker hj\u00e6lp til at g\u00e5 hver til sit.<\/p>\n\n\n\n<h2 class=\"wp-block-heading\">Parterapi &#8211; n\u00e5r for\u00e6ldreskabet slider p\u00e5 parforholdet<\/h2>\n\n\n\n<p>Det kr\u00e6ver mange ressourcer og meget energi at v\u00e6re for\u00e6lder og at skabe de bedste rammer for jeres barn. Og har I sm\u00e5 b\u00f8rn eller et barn i mistrivsel bliver det s\u00e6rlig kr\u00e6vende &#8211; ogs\u00e5 for parforholdet. <\/p>\n\n\n\n<p><\/p>\n\n\n\n<div class=\"wp-block-columns is-layout-flex wp-container-core-columns-is-layout-28f84493 wp-block-columns-is-layout-flex\">\n<div class=\"wp-block-column is-layout-flow wp-block-column-is-layout-flow\" style=\"flex-basis:100%\">\n<div class=\"wp-block-media-text is-stacked-on-mobile\" style=\"grid-template-columns:25% auto\" id=\"tre-bud\"><figure class=\"wp-block-media-text__media\"><video controls src=\"https:\/\/marleneteglgaard.dk\/wp-content\/uploads\/2025\/10\/IMG_8610.mov\"><\/video><\/figure><div class=\"wp-block-media-text__content\">\n<p class=\"has-text-align-center has-ast-global-color-3-color has-text-color has-link-color has-large-font-size wp-elements-7646ab7f587373316183b596d28237b9\"><strong>H\u00f8r mine 3 bud p\u00e5, hvor det kan g\u00e5 galt med kommunikationen<\/strong><\/p>\n<\/div><\/div>\n<\/div>\n<\/div>\n\n\n\n<p><\/p>\n\n\n\n<p><\/p>\n","protected":false},"excerpt":{"rendered":"<p>Hvorn\u00e5r skal vi g\u00e5 i parterapi? Parterapi &#8211; n\u00e5r I elsker hinanden K\u00e6rlighed er en gave og noget der ikke [&hellip;]<\/p>\n","protected":false},"author":1,"featured_media":0,"parent":2,"menu_order":0,"comment_status":"closed","ping_status":"closed","template":"","meta":{"site-sidebar-layout":"default","site-content-layout":"","ast-site-content-layout":"default","site-content-style":"default","site-sidebar-style":"default","ast-global-header-display":"","ast-banner-title-visibility":"","ast-main-header-display":"","ast-hfb-above-header-display":"","ast-hfb-below-header-display":"","ast-hfb-mobile-header-display":"","site-post-title":"","ast-breadcrumbs-content":"","ast-featured-img":"","footer-sml-layout":"","ast-disable-related-posts":"","theme-transparent-header-meta":"","adv-header-id-meta":"","stick-header-meta":"","header-above-stick-meta":"","header-main-stick-meta":"","header-below-stick-meta":"","astra-migrate-meta-layouts":"default","ast-page-background-enabled":"default","ast-page-background-meta":{"desktop":{"background-color":"var(--ast-global-color-5)","background-image":"","background-repeat":"repeat","background-position":"center center","background-size":"auto","background-attachment":"scroll","background-type":"","background-media":"","overlay-type":"","overlay-color":"","overlay-opacity":"","overlay-gradient":""},"tablet":{"background-color":"","background-image":"","background-repeat":"repeat","background-position":"center center","background-size":"auto","background-attachment":"scroll","background-type":"","background-media":"","overlay-type":"","overlay-color":"","overlay-opacity":"","overlay-gradient":""},"mobile":{"background-color":"","background-image":"","background-repeat":"repeat","background-position":"center center","background-size":"auto","background-attachment":"scroll","background-type":"","background-media":"","overlay-type":"","overlay-color":"","overlay-opacity":"","overlay-gradient":""}},"ast-content-background-meta":{"desktop":{"background-color":"var(--ast-global-color-4)","background-image":"","background-repeat":"repeat","background-position":"center center","background-size":"auto","background-attachment":"scroll","background-type":"","background-media":"","overlay-type":"","overlay-color":"","overlay-opacity":"","overlay-gradient":""},"tablet":{"background-color":"var(--ast-global-color-4)","background-image":"","background-repeat":"repeat","background-position":"center center","background-size":"auto","background-attachment":"scroll","background-type":"","background-media":"","overlay-type":"","overlay-color":"","overlay-opacity":"","overlay-gradient":""},"mobile":{"background-color":"var(--ast-global-color-4)","background-image":"","background-repeat":"repeat","background-position":"center center","background-size":"auto","background-attachment":"scroll","background-type":"","background-media":"","overlay-type":"","overlay-color":"","overlay-opacity":"","overlay-gradient":""}},"footnotes":""},"class_list":["post-408","page","type-page","status-publish","hentry"],"yoast_head":"<!-- This site is optimized with the Yoast SEO plugin v27.4 - https:\/\/yoast.com\/product\/yoast-seo-wordpress\/ -->\n<title>Parterapi - Psykoterapi<\/title>\n<meta name=\"description\" content=\"Parterapi er for jer, der st\u00e5r midt i en krise &amp; for jer der som par \u00f8nsker at g\u00f8re noget aktivt for at styrke parforholdet og vedligeholde k\u00e6rligheden. Jeg skaber et s\u00e6rligt rum til jeres s\u00e6rlige samtaler.\" \/>\n<meta name=\"robots\" content=\"index, follow, max-snippet:-1, max-image-preview:large, max-video-preview:-1\" \/>\n<link rel=\"canonical\" href=\"https:\/\/marleneteglgaard.dk\/index.php\/samtaleterapi-til-private\/parterapi-billund\/\" \/>\n<meta property=\"og:locale\" content=\"da_DK\" \/>\n<meta property=\"og:type\" content=\"article\" \/>\n<meta property=\"og:title\" content=\"Parterapi - Psykoterapi\" \/>\n<meta property=\"og:description\" content=\"Parterapi er for jer, der st\u00e5r midt i en krise &amp; for jer der som par \u00f8nsker at g\u00f8re noget aktivt for at styrke parforholdet og vedligeholde k\u00e6rligheden. Jeg skaber et s\u00e6rligt rum til jeres s\u00e6rlige samtaler.\" \/>\n<meta property=\"og:url\" content=\"https:\/\/marleneteglgaard.dk\/index.php\/samtaleterapi-til-private\/parterapi-billund\/\" \/>\n<meta property=\"og:site_name\" content=\"Psykoterapi\" \/>\n<meta property=\"article:publisher\" content=\"https:\/\/www.facebook.com\/profile.php?id=100085851555208\" \/>\n<meta property=\"article:modified_time\" content=\"2026-01-22T14:43:46+00:00\" \/>\n<meta property=\"og:image\" content=\"https:\/\/marleneteglgaard.dk\/wp-content\/uploads\/2025\/10\/Parterapi-1-rotated.jpg\" \/>\n\t<meta property=\"og:image:width\" content=\"1512\" \/>\n\t<meta property=\"og:image:height\" content=\"2016\" \/>\n\t<meta property=\"og:image:type\" content=\"image\/jpeg\" \/>\n<meta name=\"twitter:card\" content=\"summary_large_image\" \/>\n<meta name=\"twitter:label1\" content=\"Estimeret l\u00e6setid\" \/>\n\t<meta name=\"twitter:data1\" content=\"7 minutter\" \/>\n<script type=\"application\/ld+json\" class=\"yoast-schema-graph\">{\"@context\":\"https:\\\/\\\/schema.org\",\"@graph\":[{\"@type\":\"WebPage\",\"@id\":\"https:\\\/\\\/marleneteglgaard.dk\\\/index.php\\\/samtaleterapi-til-private\\\/parterapi-billund\\\/\",\"url\":\"https:\\\/\\\/marleneteglgaard.dk\\\/index.php\\\/samtaleterapi-til-private\\\/parterapi-billund\\\/\",\"name\":\"Parterapi - Psykoterapi\",\"isPartOf\":{\"@id\":\"https:\\\/\\\/marleneteglgaard.dk\\\/#website\"},\"primaryImageOfPage\":{\"@id\":\"https:\\\/\\\/marleneteglgaard.dk\\\/index.php\\\/samtaleterapi-til-private\\\/parterapi-billund\\\/#primaryimage\"},\"image\":{\"@id\":\"https:\\\/\\\/marleneteglgaard.dk\\\/index.php\\\/samtaleterapi-til-private\\\/parterapi-billund\\\/#primaryimage\"},\"thumbnailUrl\":\"https:\\\/\\\/marleneteglgaard.dk\\\/wp-content\\\/uploads\\\/2025\\\/10\\\/Parterapi-1-768x1024.jpg\",\"datePublished\":\"2025-10-09T15:01:13+00:00\",\"dateModified\":\"2026-01-22T14:43:46+00:00\",\"description\":\"Parterapi er for jer, der st\u00e5r midt i en krise & for jer der som par \u00f8nsker at g\u00f8re noget aktivt for at styrke parforholdet og vedligeholde k\u00e6rligheden. Jeg skaber et s\u00e6rligt rum til jeres s\u00e6rlige samtaler.\",\"breadcrumb\":{\"@id\":\"https:\\\/\\\/marleneteglgaard.dk\\\/index.php\\\/samtaleterapi-til-private\\\/parterapi-billund\\\/#breadcrumb\"},\"inLanguage\":\"da-DK\",\"potentialAction\":[{\"@type\":\"ReadAction\",\"target\":[\"https:\\\/\\\/marleneteglgaard.dk\\\/index.php\\\/samtaleterapi-til-private\\\/parterapi-billund\\\/\"]}]},{\"@type\":\"ImageObject\",\"inLanguage\":\"da-DK\",\"@id\":\"https:\\\/\\\/marleneteglgaard.dk\\\/index.php\\\/samtaleterapi-til-private\\\/parterapi-billund\\\/#primaryimage\",\"url\":\"https:\\\/\\\/marleneteglgaard.dk\\\/wp-content\\\/uploads\\\/2025\\\/10\\\/Parterapi-1-rotated.jpg\",\"contentUrl\":\"https:\\\/\\\/marleneteglgaard.dk\\\/wp-content\\\/uploads\\\/2025\\\/10\\\/Parterapi-1-rotated.jpg\",\"width\":1512,\"height\":2016},{\"@type\":\"BreadcrumbList\",\"@id\":\"https:\\\/\\\/marleneteglgaard.dk\\\/index.php\\\/samtaleterapi-til-private\\\/parterapi-billund\\\/#breadcrumb\",\"itemListElement\":[{\"@type\":\"ListItem\",\"position\":1,\"name\":\"Hjem\",\"item\":\"https:\\\/\\\/marleneteglgaard.dk\\\/\"},{\"@type\":\"ListItem\",\"position\":2,\"name\":\"Psykoterapi\",\"item\":\"https:\\\/\\\/marleneteglgaard.dk\\\/index.php\\\/samtaleterapi-til-private\\\/\"},{\"@type\":\"ListItem\",\"position\":3,\"name\":\"Parterapi\"}]},{\"@type\":\"WebSite\",\"@id\":\"https:\\\/\\\/marleneteglgaard.dk\\\/#website\",\"url\":\"https:\\\/\\\/marleneteglgaard.dk\\\/\",\"name\":\"Psykoterapi v\\\/Marlene Teglgaard\",\"description\":\"Billund \",\"publisher\":{\"@id\":\"https:\\\/\\\/marleneteglgaard.dk\\\/#organization\"},\"potentialAction\":[{\"@type\":\"SearchAction\",\"target\":{\"@type\":\"EntryPoint\",\"urlTemplate\":\"https:\\\/\\\/marleneteglgaard.dk\\\/?s={search_term_string}\"},\"query-input\":{\"@type\":\"PropertyValueSpecification\",\"valueRequired\":true,\"valueName\":\"search_term_string\"}}],\"inLanguage\":\"da-DK\"},{\"@type\":\"Organization\",\"@id\":\"https:\\\/\\\/marleneteglgaard.dk\\\/#organization\",\"name\":\"Psykoterapi v\\\/Marlene Teglgaard\",\"url\":\"https:\\\/\\\/marleneteglgaard.dk\\\/\",\"logo\":{\"@type\":\"ImageObject\",\"inLanguage\":\"da-DK\",\"@id\":\"https:\\\/\\\/marleneteglgaard.dk\\\/#\\\/schema\\\/logo\\\/image\\\/\",\"url\":\"https:\\\/\\\/marleneteglgaard.dk\\\/wp-content\\\/uploads\\\/2023\\\/10\\\/cropped-thumbnail_IMG_9645-e1696419512523.jpg\",\"contentUrl\":\"https:\\\/\\\/marleneteglgaard.dk\\\/wp-content\\\/uploads\\\/2023\\\/10\\\/cropped-thumbnail_IMG_9645-e1696419512523.jpg\",\"width\":512,\"height\":512,\"caption\":\"Psykoterapi v\\\/Marlene Teglgaard\"},\"image\":{\"@id\":\"https:\\\/\\\/marleneteglgaard.dk\\\/#\\\/schema\\\/logo\\\/image\\\/\"},\"sameAs\":[\"https:\\\/\\\/www.facebook.com\\\/profile.php?id=100085851555208\"]}]}<\/script>\n<!-- \/ Yoast SEO plugin. -->","yoast_head_json":{"title":"Parterapi - Psykoterapi","description":"Parterapi er for jer, der st\u00e5r midt i en krise & for jer der som par \u00f8nsker at g\u00f8re noget aktivt for at styrke parforholdet og vedligeholde k\u00e6rligheden. Jeg skaber et s\u00e6rligt rum til jeres s\u00e6rlige samtaler.","robots":{"index":"index","follow":"follow","max-snippet":"max-snippet:-1","max-image-preview":"max-image-preview:large","max-video-preview":"max-video-preview:-1"},"canonical":"https:\/\/marleneteglgaard.dk\/index.php\/samtaleterapi-til-private\/parterapi-billund\/","og_locale":"da_DK","og_type":"article","og_title":"Parterapi - Psykoterapi","og_description":"Parterapi er for jer, der st\u00e5r midt i en krise & for jer der som par \u00f8nsker at g\u00f8re noget aktivt for at styrke parforholdet og vedligeholde k\u00e6rligheden. Jeg skaber et s\u00e6rligt rum til jeres s\u00e6rlige samtaler.","og_url":"https:\/\/marleneteglgaard.dk\/index.php\/samtaleterapi-til-private\/parterapi-billund\/","og_site_name":"Psykoterapi","article_publisher":"https:\/\/www.facebook.com\/profile.php?id=100085851555208","article_modified_time":"2026-01-22T14:43:46+00:00","og_image":[{"width":1512,"height":2016,"url":"https:\/\/marleneteglgaard.dk\/wp-content\/uploads\/2025\/10\/Parterapi-1-rotated.jpg","type":"image\/jpeg"}],"twitter_card":"summary_large_image","twitter_misc":{"Estimeret l\u00e6setid":"7 minutter"},"schema":{"@context":"https:\/\/schema.org","@graph":[{"@type":"WebPage","@id":"https:\/\/marleneteglgaard.dk\/index.php\/samtaleterapi-til-private\/parterapi-billund\/","url":"https:\/\/marleneteglgaard.dk\/index.php\/samtaleterapi-til-private\/parterapi-billund\/","name":"Parterapi - Psykoterapi","isPartOf":{"@id":"https:\/\/marleneteglgaard.dk\/#website"},"primaryImageOfPage":{"@id":"https:\/\/marleneteglgaard.dk\/index.php\/samtaleterapi-til-private\/parterapi-billund\/#primaryimage"},"image":{"@id":"https:\/\/marleneteglgaard.dk\/index.php\/samtaleterapi-til-private\/parterapi-billund\/#primaryimage"},"thumbnailUrl":"https:\/\/marleneteglgaard.dk\/wp-content\/uploads\/2025\/10\/Parterapi-1-768x1024.jpg","datePublished":"2025-10-09T15:01:13+00:00","dateModified":"2026-01-22T14:43:46+00:00","description":"Parterapi er for jer, der st\u00e5r midt i en krise & for jer der som par \u00f8nsker at g\u00f8re noget aktivt for at styrke parforholdet og vedligeholde k\u00e6rligheden. Jeg skaber et s\u00e6rligt rum til jeres s\u00e6rlige samtaler.","breadcrumb":{"@id":"https:\/\/marleneteglgaard.dk\/index.php\/samtaleterapi-til-private\/parterapi-billund\/#breadcrumb"},"inLanguage":"da-DK","potentialAction":[{"@type":"ReadAction","target":["https:\/\/marleneteglgaard.dk\/index.php\/samtaleterapi-til-private\/parterapi-billund\/"]}]},{"@type":"ImageObject","inLanguage":"da-DK","@id":"https:\/\/marleneteglgaard.dk\/index.php\/samtaleterapi-til-private\/parterapi-billund\/#primaryimage","url":"https:\/\/marleneteglgaard.dk\/wp-content\/uploads\/2025\/10\/Parterapi-1-rotated.jpg","contentUrl":"https:\/\/marleneteglgaard.dk\/wp-content\/uploads\/2025\/10\/Parterapi-1-rotated.jpg","width":1512,"height":2016},{"@type":"BreadcrumbList","@id":"https:\/\/marleneteglgaard.dk\/index.php\/samtaleterapi-til-private\/parterapi-billund\/#breadcrumb","itemListElement":[{"@type":"ListItem","position":1,"name":"Hjem","item":"https:\/\/marleneteglgaard.dk\/"},{"@type":"ListItem","position":2,"name":"Psykoterapi","item":"https:\/\/marleneteglgaard.dk\/index.php\/samtaleterapi-til-private\/"},{"@type":"ListItem","position":3,"name":"Parterapi"}]},{"@type":"WebSite","@id":"https:\/\/marleneteglgaard.dk\/#website","url":"https:\/\/marleneteglgaard.dk\/","name":"Psykoterapi v\/Marlene Teglgaard","description":"Billund ","publisher":{"@id":"https:\/\/marleneteglgaard.dk\/#organization"},"potentialAction":[{"@type":"SearchAction","target":{"@type":"EntryPoint","urlTemplate":"https:\/\/marleneteglgaard.dk\/?s={search_term_string}"},"query-input":{"@type":"PropertyValueSpecification","valueRequired":true,"valueName":"search_term_string"}}],"inLanguage":"da-DK"},{"@type":"Organization","@id":"https:\/\/marleneteglgaard.dk\/#organization","name":"Psykoterapi v\/Marlene Teglgaard","url":"https:\/\/marleneteglgaard.dk\/","logo":{"@type":"ImageObject","inLanguage":"da-DK","@id":"https:\/\/marleneteglgaard.dk\/#\/schema\/logo\/image\/","url":"https:\/\/marleneteglgaard.dk\/wp-content\/uploads\/2023\/10\/cropped-thumbnail_IMG_9645-e1696419512523.jpg","contentUrl":"https:\/\/marleneteglgaard.dk\/wp-content\/uploads\/2023\/10\/cropped-thumbnail_IMG_9645-e1696419512523.jpg","width":512,"height":512,"caption":"Psykoterapi v\/Marlene Teglgaard"},"image":{"@id":"https:\/\/marleneteglgaard.dk\/#\/schema\/logo\/image\/"},"sameAs":["https:\/\/www.facebook.com\/profile.php?id=100085851555208"]}]}},"_links":{"self":[{"href":"https:\/\/marleneteglgaard.dk\/index.php\/wp-json\/wp\/v2\/pages\/408","targetHints":{"allow":["GET"]}}],"collection":[{"href":"https:\/\/marleneteglgaard.dk\/index.php\/wp-json\/wp\/v2\/pages"}],"about":[{"href":"https:\/\/marleneteglgaard.dk\/index.php\/wp-json\/wp\/v2\/types\/page"}],"author":[{"embeddable":true,"href":"https:\/\/marleneteglgaard.dk\/index.php\/wp-json\/wp\/v2\/users\/1"}],"replies":[{"embeddable":true,"href":"https:\/\/marleneteglgaard.dk\/index.php\/wp-json\/wp\/v2\/comments?post=408"}],"version-history":[{"count":27,"href":"https:\/\/marleneteglgaard.dk\/index.php\/wp-json\/wp\/v2\/pages\/408\/revisions"}],"predecessor-version":[{"id":555,"href":"https:\/\/marleneteglgaard.dk\/index.php\/wp-json\/wp\/v2\/pages\/408\/revisions\/555"}],"up":[{"embeddable":true,"href":"https:\/\/marleneteglgaard.dk\/index.php\/wp-json\/wp\/v2\/pages\/2"}],"wp:attachment":[{"href":"https:\/\/marleneteglgaard.dk\/index.php\/wp-json\/wp\/v2\/media?parent=408"}],"curies":[{"name":"wp","href":"https:\/\/api.w.org\/{rel}","templated":true}]}}