{"id":317,"date":"2025-01-10T15:27:10","date_gmt":"2025-01-10T15:27:10","guid":{"rendered":"https:\/\/marleneteglgaard.dk\/?page_id=317"},"modified":"2025-12-18T14:27:30","modified_gmt":"2025-12-18T14:27:30","slug":"priser","status":"publish","type":"page","link":"https:\/\/marleneteglgaard.dk\/index.php\/priser\/","title":{"rendered":"Priser"},"content":{"rendered":"\n<h2 class=\"wp-block-heading\">G\u00e6ldende priser for privat betalende<\/h2>\n\n\n\n<ul class=\"wp-block-list\">\n<li>Individuel terapi samtale, <strong>60 minutter 795 kr<\/strong><\/li>\n\n\n\n<li>Parterapi, <strong>90 minutter 1400 kr<\/strong><\/li>\n\n\n\n<li>Familieterapi (2 eller flere personer), <strong>90 minutter 1400 kr<\/strong><\/li>\n<\/ul>\n\n\n\n<p>(priserne er inkl. eventuel moms)<\/p>\n\n\n\n<h2 class=\"wp-block-heading\">G\u00e6ldende priser Kommuner<\/h2>\n\n\n\n<p>\u00d8nsker I et individuelt tilrettelagt forl\u00f8b for et barn, ung eller en familie, hvor der er bevilliget st\u00f8tte jf. barnets lov, <strong>kontakt mig for et uforpligtende tilbud<\/strong><\/p>\n\n\n\n<p>Ved samtaler uden s\u00e6rskilt tilbud\/kontrakt afregnes f\u00f8lgende priser:<\/p>\n\n\n\n<ul class=\"wp-block-list\">\n<li>Individuel samtale, <strong>60 minutter 900 kr<\/strong>*<\/li>\n\n\n\n<li>par\/for\u00e6ldre samtale, <strong>90 minutter 1600 kr<\/strong>*<\/li>\n\n\n\n<li>Familiesamtaler (3 personer og opefter), <strong>timepris 1800 kr<\/strong>*<\/li>\n<\/ul>\n\n\n\n<p>*priserne er eks. moms og inklusiv eventuel k\u00f8rsel i en radius af 20 km fra Billund. Ved k\u00f8rsel udover 20 km opkr\u00e6ves 3,94 kr pr kilometer.<\/p>\n\n\n\n<p>Der er mulighed for at afholde samtalen i mit samtalerum i Sundhedshuset, Granvej 2E, Billund<\/p>\n\n\n\n<p><strong>Supervision af medarbejder p\u00e5 b\u00f8rn, unge og familieomr\u00e5det <\/strong>\u00d8nsker I et individuelt tilrettelagt forl\u00f8b for en medarbejder eller en medarbejdergruppe, <strong>kontakt mig for et uforpligtende tilbud<\/strong><\/p>\n\n\n\n<p>Ved samtaler uden s\u00e6rskilt tilbud\/kontrakt afregnes f\u00f8lgende priser:<\/p>\n\n\n\n<ul class=\"wp-block-list\">\n<li>Individuel samtale, <strong>60 minutter 900 kr<\/strong>*<\/li>\n\n\n\n<li>Supervision af enkeltpersoner, <strong>90 minutter 1200 kr<\/strong>*<\/li>\n\n\n\n<li>Supervision af gruppe (2-6 personer), <strong>60 minutter 2200 kr<\/strong>*<\/li>\n<\/ul>\n\n\n\n<p>*priserne er eks. moms og inklusiv eventuel k\u00f8rsel i en radius af 20 km fra Billund. Ved k\u00f8rsel udover 20 km opkr\u00e6ves 3,81 kr pr kilometer.<\/p>\n\n\n\n<p>Der er mulighed for at afholde samtalen i mit samtalerum i Sundhedshuset, Granvej 2E, Billund<\/p>\n\n\n\n<h2 class=\"wp-block-heading\">G\u00e6ldende priser private virksomheder<\/h2>\n\n\n\n<p>\u00d8nsker I et individuelt tilrettelagt forl\u00f8b for en medarbejder eller en medarbejdergruppe, <strong>kontakt mig for et uforpligtende tilbud<\/strong><\/p>\n\n\n\n<ul class=\"wp-block-list\">\n<li>Individuel samtaleterapi, <strong>60 minutter 900 kr<\/strong>*<\/li>\n\n\n\n<li>Supervision af enkeltpersoner, <strong>90 minutter 1200 kr<\/strong>*<\/li>\n\n\n\n<li>Supervision af gruppe (2-6 personer), <strong>60 minutter 2200 kr<\/strong>*<\/li>\n<\/ul>\n\n\n\n<p>*priserne er eks. moms og inklusiv eventuel k\u00f8rsel i en radius af 20 km fra Billund. Ved k\u00f8rsel udover 20 km opkr\u00e6ves 3,81 kr pr kilometer.<\/p>\n\n\n\n<p>Der er mulighed for at afholde samtalen i mit samtalerum i Sundhedshuset, Granvej 2E, Billund<\/p>\n\n\n\n<p><\/p>\n","protected":false},"excerpt":{"rendered":"<p>G\u00e6ldende priser for privat betalende (priserne er inkl. eventuel moms) G\u00e6ldende priser Kommuner \u00d8nsker I et individuelt tilrettelagt forl\u00f8b for [&hellip;]<\/p>\n","protected":false},"author":1,"featured_media":0,"parent":0,"menu_order":0,"comment_status":"closed","ping_status":"closed","template":"","meta":{"site-sidebar-layout":"default","site-content-layout":"","ast-site-content-layout":"default","site-content-style":"default","site-sidebar-style":"default","ast-global-header-display":"","ast-banner-title-visibility":"","ast-main-header-display":"","ast-hfb-above-header-display":"","ast-hfb-below-header-display":"","ast-hfb-mobile-header-display":"","site-post-title":"","ast-breadcrumbs-content":"","ast-featured-img":"","footer-sml-layout":"","ast-disable-related-posts":"","theme-transparent-header-meta":"","adv-header-id-meta":"","stick-header-meta":"","header-above-stick-meta":"","header-main-stick-meta":"","header-below-stick-meta":"","astra-migrate-meta-layouts":"default","ast-page-background-enabled":"default","ast-page-background-meta":{"desktop":{"background-color":"var(--ast-global-color-5)","background-image":"","background-repeat":"repeat","background-position":"center center","background-size":"auto","background-attachment":"scroll","background-type":"","background-media":"","overlay-type":"","overlay-color":"","overlay-opacity":"","overlay-gradient":""},"tablet":{"background-color":"","background-image":"","background-repeat":"repeat","background-position":"center center","background-size":"auto","background-attachment":"scroll","background-type":"","background-media":"","overlay-type":"","overlay-color":"","overlay-opacity":"","overlay-gradient":""},"mobile":{"background-color":"","background-image":"","background-repeat":"repeat","background-position":"center center","background-size":"auto","background-attachment":"scroll","background-type":"","background-media":"","overlay-type":"","overlay-color":"","overlay-opacity":"","overlay-gradient":""}},"ast-content-background-meta":{"desktop":{"background-color":"var(--ast-global-color-4)","background-image":"","background-repeat":"repeat","background-position":"center center","background-size":"auto","background-attachment":"scroll","background-type":"","background-media":"","overlay-type":"","overlay-color":"","overlay-opacity":"","overlay-gradient":""},"tablet":{"background-color":"var(--ast-global-color-4)","background-image":"","background-repeat":"repeat","background-position":"center center","background-size":"auto","background-attachment":"scroll","background-type":"","background-media":"","overlay-type":"","overlay-color":"","overlay-opacity":"","overlay-gradient":""},"mobile":{"background-color":"var(--ast-global-color-4)","background-image":"","background-repeat":"repeat","background-position":"center center","background-size":"auto","background-attachment":"scroll","background-type":"","background-media":"","overlay-type":"","overlay-color":"","overlay-opacity":"","overlay-gradient":""}},"footnotes":""},"class_list":["post-317","page","type-page","status-publish","hentry"],"yoast_head":"<!-- This site is optimized with the Yoast SEO plugin v27.4 - https:\/\/yoast.com\/product\/yoast-seo-wordpress\/ -->\n<title>Priser - Psykoterapi<\/title>\n<meta name=\"robots\" content=\"index, follow, max-snippet:-1, max-image-preview:large, max-video-preview:-1\" \/>\n<link rel=\"canonical\" href=\"https:\/\/marleneteglgaard.dk\/index.php\/priser\/\" \/>\n<meta property=\"og:locale\" content=\"da_DK\" \/>\n<meta property=\"og:type\" content=\"article\" \/>\n<meta property=\"og:title\" content=\"Priser - Psykoterapi\" \/>\n<meta property=\"og:description\" content=\"G\u00e6ldende priser for privat betalende (priserne er inkl. eventuel moms) G\u00e6ldende priser Kommuner \u00d8nsker I et individuelt tilrettelagt forl\u00f8b for [&hellip;]\" \/>\n<meta property=\"og:url\" content=\"https:\/\/marleneteglgaard.dk\/index.php\/priser\/\" \/>\n<meta property=\"og:site_name\" content=\"Psykoterapi\" \/>\n<meta property=\"article:publisher\" content=\"https:\/\/www.facebook.com\/profile.php?id=100085851555208\" \/>\n<meta property=\"article:modified_time\" content=\"2025-12-18T14:27:30+00:00\" \/>\n<meta name=\"twitter:card\" content=\"summary_large_image\" \/>\n<meta name=\"twitter:label1\" content=\"Estimeret l\u00e6setid\" \/>\n\t<meta name=\"twitter:data1\" content=\"2 minutter\" \/>\n<script type=\"application\/ld+json\" class=\"yoast-schema-graph\">{\"@context\":\"https:\\\/\\\/schema.org\",\"@graph\":[{\"@type\":\"WebPage\",\"@id\":\"https:\\\/\\\/marleneteglgaard.dk\\\/index.php\\\/priser\\\/\",\"url\":\"https:\\\/\\\/marleneteglgaard.dk\\\/index.php\\\/priser\\\/\",\"name\":\"Priser - Psykoterapi\",\"isPartOf\":{\"@id\":\"https:\\\/\\\/marleneteglgaard.dk\\\/#website\"},\"datePublished\":\"2025-01-10T15:27:10+00:00\",\"dateModified\":\"2025-12-18T14:27:30+00:00\",\"breadcrumb\":{\"@id\":\"https:\\\/\\\/marleneteglgaard.dk\\\/index.php\\\/priser\\\/#breadcrumb\"},\"inLanguage\":\"da-DK\",\"potentialAction\":[{\"@type\":\"ReadAction\",\"target\":[\"https:\\\/\\\/marleneteglgaard.dk\\\/index.php\\\/priser\\\/\"]}]},{\"@type\":\"BreadcrumbList\",\"@id\":\"https:\\\/\\\/marleneteglgaard.dk\\\/index.php\\\/priser\\\/#breadcrumb\",\"itemListElement\":[{\"@type\":\"ListItem\",\"position\":1,\"name\":\"Hjem\",\"item\":\"https:\\\/\\\/marleneteglgaard.dk\\\/\"},{\"@type\":\"ListItem\",\"position\":2,\"name\":\"Priser\"}]},{\"@type\":\"WebSite\",\"@id\":\"https:\\\/\\\/marleneteglgaard.dk\\\/#website\",\"url\":\"https:\\\/\\\/marleneteglgaard.dk\\\/\",\"name\":\"Psykoterapi v\\\/Marlene Teglgaard\",\"description\":\"Billund \",\"publisher\":{\"@id\":\"https:\\\/\\\/marleneteglgaard.dk\\\/#organization\"},\"potentialAction\":[{\"@type\":\"SearchAction\",\"target\":{\"@type\":\"EntryPoint\",\"urlTemplate\":\"https:\\\/\\\/marleneteglgaard.dk\\\/?s={search_term_string}\"},\"query-input\":{\"@type\":\"PropertyValueSpecification\",\"valueRequired\":true,\"valueName\":\"search_term_string\"}}],\"inLanguage\":\"da-DK\"},{\"@type\":\"Organization\",\"@id\":\"https:\\\/\\\/marleneteglgaard.dk\\\/#organization\",\"name\":\"Psykoterapi v\\\/Marlene Teglgaard\",\"url\":\"https:\\\/\\\/marleneteglgaard.dk\\\/\",\"logo\":{\"@type\":\"ImageObject\",\"inLanguage\":\"da-DK\",\"@id\":\"https:\\\/\\\/marleneteglgaard.dk\\\/#\\\/schema\\\/logo\\\/image\\\/\",\"url\":\"https:\\\/\\\/marleneteglgaard.dk\\\/wp-content\\\/uploads\\\/2023\\\/10\\\/cropped-thumbnail_IMG_9645-e1696419512523.jpg\",\"contentUrl\":\"https:\\\/\\\/marleneteglgaard.dk\\\/wp-content\\\/uploads\\\/2023\\\/10\\\/cropped-thumbnail_IMG_9645-e1696419512523.jpg\",\"width\":512,\"height\":512,\"caption\":\"Psykoterapi v\\\/Marlene Teglgaard\"},\"image\":{\"@id\":\"https:\\\/\\\/marleneteglgaard.dk\\\/#\\\/schema\\\/logo\\\/image\\\/\"},\"sameAs\":[\"https:\\\/\\\/www.facebook.com\\\/profile.php?id=100085851555208\"]}]}<\/script>\n<!-- \/ Yoast SEO plugin. -->","yoast_head_json":{"title":"Priser - Psykoterapi","robots":{"index":"index","follow":"follow","max-snippet":"max-snippet:-1","max-image-preview":"max-image-preview:large","max-video-preview":"max-video-preview:-1"},"canonical":"https:\/\/marleneteglgaard.dk\/index.php\/priser\/","og_locale":"da_DK","og_type":"article","og_title":"Priser - Psykoterapi","og_description":"G\u00e6ldende priser for privat betalende (priserne er inkl. eventuel moms) G\u00e6ldende priser Kommuner \u00d8nsker I et individuelt tilrettelagt forl\u00f8b for [&hellip;]","og_url":"https:\/\/marleneteglgaard.dk\/index.php\/priser\/","og_site_name":"Psykoterapi","article_publisher":"https:\/\/www.facebook.com\/profile.php?id=100085851555208","article_modified_time":"2025-12-18T14:27:30+00:00","twitter_card":"summary_large_image","twitter_misc":{"Estimeret l\u00e6setid":"2 minutter"},"schema":{"@context":"https:\/\/schema.org","@graph":[{"@type":"WebPage","@id":"https:\/\/marleneteglgaard.dk\/index.php\/priser\/","url":"https:\/\/marleneteglgaard.dk\/index.php\/priser\/","name":"Priser - Psykoterapi","isPartOf":{"@id":"https:\/\/marleneteglgaard.dk\/#website"},"datePublished":"2025-01-10T15:27:10+00:00","dateModified":"2025-12-18T14:27:30+00:00","breadcrumb":{"@id":"https:\/\/marleneteglgaard.dk\/index.php\/priser\/#breadcrumb"},"inLanguage":"da-DK","potentialAction":[{"@type":"ReadAction","target":["https:\/\/marleneteglgaard.dk\/index.php\/priser\/"]}]},{"@type":"BreadcrumbList","@id":"https:\/\/marleneteglgaard.dk\/index.php\/priser\/#breadcrumb","itemListElement":[{"@type":"ListItem","position":1,"name":"Hjem","item":"https:\/\/marleneteglgaard.dk\/"},{"@type":"ListItem","position":2,"name":"Priser"}]},{"@type":"WebSite","@id":"https:\/\/marleneteglgaard.dk\/#website","url":"https:\/\/marleneteglgaard.dk\/","name":"Psykoterapi v\/Marlene Teglgaard","description":"Billund ","publisher":{"@id":"https:\/\/marleneteglgaard.dk\/#organization"},"potentialAction":[{"@type":"SearchAction","target":{"@type":"EntryPoint","urlTemplate":"https:\/\/marleneteglgaard.dk\/?s={search_term_string}"},"query-input":{"@type":"PropertyValueSpecification","valueRequired":true,"valueName":"search_term_string"}}],"inLanguage":"da-DK"},{"@type":"Organization","@id":"https:\/\/marleneteglgaard.dk\/#organization","name":"Psykoterapi v\/Marlene Teglgaard","url":"https:\/\/marleneteglgaard.dk\/","logo":{"@type":"ImageObject","inLanguage":"da-DK","@id":"https:\/\/marleneteglgaard.dk\/#\/schema\/logo\/image\/","url":"https:\/\/marleneteglgaard.dk\/wp-content\/uploads\/2023\/10\/cropped-thumbnail_IMG_9645-e1696419512523.jpg","contentUrl":"https:\/\/marleneteglgaard.dk\/wp-content\/uploads\/2023\/10\/cropped-thumbnail_IMG_9645-e1696419512523.jpg","width":512,"height":512,"caption":"Psykoterapi v\/Marlene Teglgaard"},"image":{"@id":"https:\/\/marleneteglgaard.dk\/#\/schema\/logo\/image\/"},"sameAs":["https:\/\/www.facebook.com\/profile.php?id=100085851555208"]}]}},"_links":{"self":[{"href":"https:\/\/marleneteglgaard.dk\/index.php\/wp-json\/wp\/v2\/pages\/317","targetHints":{"allow":["GET"]}}],"collection":[{"href":"https:\/\/marleneteglgaard.dk\/index.php\/wp-json\/wp\/v2\/pages"}],"about":[{"href":"https:\/\/marleneteglgaard.dk\/index.php\/wp-json\/wp\/v2\/types\/page"}],"author":[{"embeddable":true,"href":"https:\/\/marleneteglgaard.dk\/index.php\/wp-json\/wp\/v2\/users\/1"}],"replies":[{"embeddable":true,"href":"https:\/\/marleneteglgaard.dk\/index.php\/wp-json\/wp\/v2\/comments?post=317"}],"version-history":[{"count":6,"href":"https:\/\/marleneteglgaard.dk\/index.php\/wp-json\/wp\/v2\/pages\/317\/revisions"}],"predecessor-version":[{"id":524,"href":"https:\/\/marleneteglgaard.dk\/index.php\/wp-json\/wp\/v2\/pages\/317\/revisions\/524"}],"wp:attachment":[{"href":"https:\/\/marleneteglgaard.dk\/index.php\/wp-json\/wp\/v2\/media?parent=317"}],"curies":[{"name":"wp","href":"https:\/\/api.w.org\/{rel}","templated":true}]}}