{"id":24,"date":"2023-10-04T10:01:34","date_gmt":"2023-10-04T10:01:34","guid":{"rendered":"http:\/\/marleneteglgaard.dk\/?page_id=24"},"modified":"2026-01-22T14:08:03","modified_gmt":"2026-01-22T14:08:03","slug":"om","status":"publish","type":"page","link":"https:\/\/marleneteglgaard.dk\/index.php\/om\/","title":{"rendered":"Om mig"},"content":{"rendered":"\n<h2 class=\"wp-block-heading has-extra-large-font-size\">Professionel og hjertevarm psykoterapeut<\/h2>\n\n\n\n<p>S\u00e5dan vil jeg beskrive mig selv og begge dele vil du opleve, n\u00e5r du er i forl\u00f8b hos mig.<\/p>\n\n\n\n<p>Jeg er 44 \u00e5r, uddannet psykoterapeut ved Systemisk Institut for Familie terapi og har en bachelor som socialr\u00e5dgiver. Jeg er meget optaget af relationer. B\u00e5de parforhold, for\u00e6ldre-barn relationen, og s\u00f8skenderelationer. Jeg har over 13 \u00e5rs erfaring i arbejdet med b\u00f8rn, unge og familier i s\u00e5rbare situationer og jeg er den der kan holde dig\/jer i h\u00e5nden, n\u00e5r livet byder p\u00e5 udfordringer og du\/I har brug for st\u00f8tte for at komme videre.<\/p>\n\n\n\n<p>Jeg er medlem af Dansk Psykoterapeutforening &#8211; l\u00e6s mere <a href=\"https:\/\/psykoterapeutforeningen.dk\/\">her<\/a><\/p>\n\n\n\n<p>Jeg er medlem af Dansk Center for Emotionsfokuseret terapi, hvor jeg i 2025 og 2026 specialiserer mig i EFT parterapi og modtager undervisning af Lone Algot og Jette Simon &#8211; l\u00e6s mere <a href=\"https:\/\/dkceft.dk.dk\">her<\/a><\/p>\n\n\n\n<figure class=\"wp-block-gallery has-nested-images columns-default is-cropped wp-block-gallery-1 is-layout-flex wp-block-gallery-is-layout-flex\">\n<figure class=\"wp-block-image size-large\"><img loading=\"lazy\" decoding=\"async\" width=\"768\" height=\"1024\" data-id=\"507\" src=\"https:\/\/marleneteglgaard.dk\/wp-content\/uploads\/2025\/10\/Psykoterapeut-1-768x1024.jpg\" alt=\"\" class=\"wp-image-507\" srcset=\"https:\/\/marleneteglgaard.dk\/wp-content\/uploads\/2025\/10\/Psykoterapeut-1-768x1024.jpg 768w, https:\/\/marleneteglgaard.dk\/wp-content\/uploads\/2025\/10\/Psykoterapeut-1-225x300.jpg 225w, https:\/\/marleneteglgaard.dk\/wp-content\/uploads\/2025\/10\/Psykoterapeut-1-1152x1536.jpg 1152w, https:\/\/marleneteglgaard.dk\/wp-content\/uploads\/2025\/10\/Psykoterapeut-1-rotated.jpg 1158w\" sizes=\"auto, (max-width: 768px) 100vw, 768px\" \/><\/figure>\n\n\n\n<figure class=\"wp-block-image size-large\"><img loading=\"lazy\" decoding=\"async\" width=\"768\" height=\"1024\" data-id=\"301\" src=\"https:\/\/marleneteglgaard.dk\/wp-content\/uploads\/2025\/01\/IMG_5885-768x1024.jpg\" alt=\"\" class=\"wp-image-301\" srcset=\"https:\/\/marleneteglgaard.dk\/wp-content\/uploads\/2025\/01\/IMG_5885-768x1024.jpg 768w, https:\/\/marleneteglgaard.dk\/wp-content\/uploads\/2025\/01\/IMG_5885-225x300.jpg 225w, https:\/\/marleneteglgaard.dk\/wp-content\/uploads\/2025\/01\/IMG_5885-1152x1536.jpg 1152w, https:\/\/marleneteglgaard.dk\/wp-content\/uploads\/2025\/01\/IMG_5885-1536x2048.jpg 1536w, https:\/\/marleneteglgaard.dk\/wp-content\/uploads\/2025\/01\/IMG_5885-1568x2091.jpg 1568w, https:\/\/marleneteglgaard.dk\/wp-content\/uploads\/2025\/01\/IMG_5885-scaled.jpg 1920w\" sizes=\"auto, (max-width: 768px) 100vw, 768px\" \/><\/figure>\n\n\n\n<figure class=\"wp-block-image size-large\"><img loading=\"lazy\" decoding=\"async\" width=\"768\" height=\"1024\" data-id=\"488\" src=\"https:\/\/marleneteglgaard.dk\/wp-content\/uploads\/2025\/10\/Samtalerm-II-768x1024.jpg\" alt=\"\" class=\"wp-image-488\" srcset=\"https:\/\/marleneteglgaard.dk\/wp-content\/uploads\/2025\/10\/Samtalerm-II-768x1024.jpg 768w, https:\/\/marleneteglgaard.dk\/wp-content\/uploads\/2025\/10\/Samtalerm-II-225x300.jpg 225w, https:\/\/marleneteglgaard.dk\/wp-content\/uploads\/2025\/10\/Samtalerm-II-1152x1536.jpg 1152w, https:\/\/marleneteglgaard.dk\/wp-content\/uploads\/2025\/10\/Samtalerm-II.jpg 1440w\" sizes=\"auto, (max-width: 768px) 100vw, 768px\" \/><\/figure>\n<\/figure>\n\n\n\n<p>Jeg har arbejdet 10 \u00e5r som r\u00e5dgiver og konsulent i en Familieafdeling og jeg har stor erfaring og viden om b\u00f8rns udvikling og hvilke faktorer, der kan skabe trivsel hos b\u00e5de b\u00f8rn, unge og familier.<\/p>\n\n\n\n<p>Jeg ved at man som barn, ung og voksen har brug for at blive set, m\u00f8dt og anerkendt. S\u00e6rligt n\u00e5r man st\u00e5r midt i udfordringer der skaber bekymringer, tristhed eller mistrivsel. Jeg tror p\u00e5 at alle har gode intentioner og at alle g\u00f8r deres bedste. Men man kan som individ, par eller familie st\u00e5 i situationer, som er voldsomme og skaber tanker, f\u00f8lelser og m\u00f8nstre, som der kan v\u00e6re behov for st\u00f8tte til at v\u00e6re i og\/eller \u00e6ndre p\u00e5.<\/p>\n\n\n\n<p>Jeg vil som udgangspunkt ikke komme med r\u00e5d og vejledning, men derimod sammen med dig\/jer g\u00e5 p\u00e5 opdagelse i de fort\u00e6llinger og erfaringer, der er i dit\/jeres liv.  <\/p>\n\n\n\n<h2 class=\"wp-block-heading\">Voksne<\/h2>\n\n\n\n<p>Jeg har stor erfaring med livskriser, sygdom, stress og belastning og har som konsulent haft ber\u00f8ring med bl.a. arbejdsrelateret stress og generel trivsel p\u00e5 jobbet. Jeg er optaget af, at hverken job eller hjemmeliv skal g\u00f8re dig syg og jeg har fokus p\u00e5 b\u00e5de mental og fysisk sundhed.<\/p>\n\n\n\n<p>I min praksis kan du derfor opleve, at jeg benytter naturen, mindfulness, musik eller andet som supplement til samtaleterapien. Det vil dog altid v\u00e6re afstemt i forhold til dig og jeg vil v\u00e6re nysgerrig p\u00e5, hvor netop du samler energi.<\/p>\n\n\n\n<p>Jeg ved at man som voksen (og barn) kan vi v\u00e6re pr\u00e6get af traumer og at det kan p\u00e5virke ens trivsel, adf\u00e6rd og relationer. Jeg har m\u00f8dt mange b\u00f8rn, unge og familier, som har oplevet traumer og du vil derfor opleve, at jeg med ro og n\u00e6nsomhed kan hj\u00e6lpe dig, hvis du har oplevet traume, haft sv\u00e6re opv\u00e6kstvilk\u00e5r eller st\u00e5r midt i en livskrise.<\/p>\n\n\n\n<h2 class=\"wp-block-heading\">B\u00f8rne- og ungesamtalen<\/h2>\n\n\n\n<p>Jeg har stor erfaring i samtalen med b\u00f8rn og unge og form\u00e5r at skabe et trygt rum, hvor barnet\/den unge kan itales\u00e6tte det der udfordrer. Jeg benytter ofte tavle, hvor vi sammen skriver og tegner, for at tydeligg\u00f8re de vigtige pointer barnet\/den unge kommer med. <\/p>\n\n\n\n<p>Det er ofte meget hj\u00e6lpsomt, at inddrage barnets betydningsfulde voksne\/andre, s\u00e5ledes der bliver skabt st\u00f8rst mulig sammenh\u00e6ng i barnets liv og st\u00f8rst mulig effekt af forl\u00f8bet. N\u00e5r de betydningsfulde voksne\/andre inddrages sker det altid efter aftale med barnet\/den unge. Det er vigtigt for mig, at barnet\/den unge oplever at have tillid til mig som terapeut og at jeg st\u00f8tter til at f\u00e5 italesat de ting, der betyder noget for den enkelte. <\/p>\n\n\n\n<p>Jeg har undervist b\u00e5de nyuddannede og erfarne socialr\u00e5dgivere i b\u00f8rnesamtalen og jeg har talt med mange b\u00f8rn og unge, som har haft det vanskeligt i skolen, med kammerater i hjemmet osv. Udfordringerne har bl.a. v\u00e6ret angst, isolation, konflikter, sygdom mm.<\/p>\n\n\n\n<h2 class=\"wp-block-heading\">Kontakt mig<\/h2>\n\n\n\n<p><a href=\"mailto:marleneteglgaard-psykoterapeut@outlook.dk\">marleneteglgaard-psykoterapeut@outlook.dk<\/a><\/p>\n\n\n\n<p>Sundhedshuset<br>Granvej 2E, st. 7190 Billund<\/p>\n\n\n\n<p>Telefon: +45 2374 7586<\/p>\n\n\n\n<p><\/p>\n","protected":false},"excerpt":{"rendered":"<p>Professionel og hjertevarm psykoterapeut S\u00e5dan vil jeg beskrive mig selv og begge dele vil du opleve, n\u00e5r du er i [&hellip;]<\/p>\n","protected":false},"author":1,"featured_media":0,"parent":0,"menu_order":0,"comment_status":"closed","ping_status":"closed","template":"","meta":{"site-sidebar-layout":"default","site-content-layout":"","ast-site-content-layout":"default","site-content-style":"default","site-sidebar-style":"default","ast-global-header-display":"","ast-banner-title-visibility":"","ast-main-header-display":"","ast-hfb-above-header-display":"","ast-hfb-below-header-display":"","ast-hfb-mobile-header-display":"","site-post-title":"","ast-breadcrumbs-content":"","ast-featured-img":"","footer-sml-layout":"","ast-disable-related-posts":"","theme-transparent-header-meta":"","adv-header-id-meta":"","stick-header-meta":"","header-above-stick-meta":"","header-main-stick-meta":"","header-below-stick-meta":"","astra-migrate-meta-layouts":"default","ast-page-background-enabled":"default","ast-page-background-meta":{"desktop":{"background-color":"var(--ast-global-color-5)","background-image":"","background-repeat":"repeat","background-position":"center center","background-size":"auto","background-attachment":"scroll","background-type":"","background-media":"","overlay-type":"","overlay-color":"","overlay-opacity":"","overlay-gradient":""},"tablet":{"background-color":"","background-image":"","background-repeat":"repeat","background-position":"center center","background-size":"auto","background-attachment":"scroll","background-type":"","background-media":"","overlay-type":"","overlay-color":"","overlay-opacity":"","overlay-gradient":""},"mobile":{"background-color":"","background-image":"","background-repeat":"repeat","background-position":"center center","background-size":"auto","background-attachment":"scroll","background-type":"","background-media":"","overlay-type":"","overlay-color":"","overlay-opacity":"","overlay-gradient":""}},"ast-content-background-meta":{"desktop":{"background-color":"var(--ast-global-color-4)","background-image":"","background-repeat":"repeat","background-position":"center center","background-size":"auto","background-attachment":"scroll","background-type":"","background-media":"","overlay-type":"","overlay-color":"","overlay-opacity":"","overlay-gradient":""},"tablet":{"background-color":"var(--ast-global-color-4)","background-image":"","background-repeat":"repeat","background-position":"center center","background-size":"auto","background-attachment":"scroll","background-type":"","background-media":"","overlay-type":"","overlay-color":"","overlay-opacity":"","overlay-gradient":""},"mobile":{"background-color":"var(--ast-global-color-4)","background-image":"","background-repeat":"repeat","background-position":"center center","background-size":"auto","background-attachment":"scroll","background-type":"","background-media":"","overlay-type":"","overlay-color":"","overlay-opacity":"","overlay-gradient":""}},"footnotes":""},"class_list":["post-24","page","type-page","status-publish","hentry"],"yoast_head":"<!-- This site is optimized with the Yoast SEO plugin v27.4 - https:\/\/yoast.com\/product\/yoast-seo-wordpress\/ -->\n<title>Om mig - Psykoterapi<\/title>\n<meta name=\"robots\" content=\"index, follow, max-snippet:-1, max-image-preview:large, max-video-preview:-1\" \/>\n<link rel=\"canonical\" href=\"https:\/\/marleneteglgaard.dk\/index.php\/om\/\" \/>\n<meta property=\"og:locale\" content=\"da_DK\" \/>\n<meta property=\"og:type\" content=\"article\" \/>\n<meta property=\"og:title\" content=\"Om mig - Psykoterapi\" \/>\n<meta property=\"og:description\" content=\"Professionel og hjertevarm psykoterapeut S\u00e5dan vil jeg beskrive mig selv og begge dele vil du opleve, n\u00e5r du er i [&hellip;]\" \/>\n<meta property=\"og:url\" content=\"https:\/\/marleneteglgaard.dk\/index.php\/om\/\" \/>\n<meta property=\"og:site_name\" content=\"Psykoterapi\" \/>\n<meta property=\"article:publisher\" content=\"https:\/\/www.facebook.com\/profile.php?id=100085851555208\" \/>\n<meta property=\"article:modified_time\" content=\"2026-01-22T14:08:03+00:00\" \/>\n<meta property=\"og:image\" content=\"https:\/\/marleneteglgaard.dk\/wp-content\/uploads\/2025\/10\/Psykoterapeut-1-rotated.jpg\" \/>\n\t<meta property=\"og:image:width\" content=\"1158\" \/>\n\t<meta property=\"og:image:height\" content=\"1544\" \/>\n\t<meta property=\"og:image:type\" content=\"image\/jpeg\" \/>\n<meta name=\"twitter:card\" content=\"summary_large_image\" \/>\n<meta name=\"twitter:label1\" content=\"Estimeret l\u00e6setid\" \/>\n\t<meta name=\"twitter:data1\" content=\"4 minutter\" \/>\n<script type=\"application\/ld+json\" class=\"yoast-schema-graph\">{\"@context\":\"https:\\\/\\\/schema.org\",\"@graph\":[{\"@type\":\"WebPage\",\"@id\":\"https:\\\/\\\/marleneteglgaard.dk\\\/index.php\\\/om\\\/\",\"url\":\"https:\\\/\\\/marleneteglgaard.dk\\\/index.php\\\/om\\\/\",\"name\":\"Om mig - Psykoterapi\",\"isPartOf\":{\"@id\":\"https:\\\/\\\/marleneteglgaard.dk\\\/#website\"},\"primaryImageOfPage\":{\"@id\":\"https:\\\/\\\/marleneteglgaard.dk\\\/index.php\\\/om\\\/#primaryimage\"},\"image\":{\"@id\":\"https:\\\/\\\/marleneteglgaard.dk\\\/index.php\\\/om\\\/#primaryimage\"},\"thumbnailUrl\":\"https:\\\/\\\/marleneteglgaard.dk\\\/wp-content\\\/uploads\\\/2025\\\/10\\\/Psykoterapeut-1-768x1024.jpg\",\"datePublished\":\"2023-10-04T10:01:34+00:00\",\"dateModified\":\"2026-01-22T14:08:03+00:00\",\"breadcrumb\":{\"@id\":\"https:\\\/\\\/marleneteglgaard.dk\\\/index.php\\\/om\\\/#breadcrumb\"},\"inLanguage\":\"da-DK\",\"potentialAction\":[{\"@type\":\"ReadAction\",\"target\":[\"https:\\\/\\\/marleneteglgaard.dk\\\/index.php\\\/om\\\/\"]}]},{\"@type\":\"ImageObject\",\"inLanguage\":\"da-DK\",\"@id\":\"https:\\\/\\\/marleneteglgaard.dk\\\/index.php\\\/om\\\/#primaryimage\",\"url\":\"https:\\\/\\\/marleneteglgaard.dk\\\/wp-content\\\/uploads\\\/2025\\\/10\\\/Psykoterapeut-1-rotated.jpg\",\"contentUrl\":\"https:\\\/\\\/marleneteglgaard.dk\\\/wp-content\\\/uploads\\\/2025\\\/10\\\/Psykoterapeut-1-rotated.jpg\",\"width\":1158,\"height\":1544},{\"@type\":\"BreadcrumbList\",\"@id\":\"https:\\\/\\\/marleneteglgaard.dk\\\/index.php\\\/om\\\/#breadcrumb\",\"itemListElement\":[{\"@type\":\"ListItem\",\"position\":1,\"name\":\"Hjem\",\"item\":\"https:\\\/\\\/marleneteglgaard.dk\\\/\"},{\"@type\":\"ListItem\",\"position\":2,\"name\":\"Om mig\"}]},{\"@type\":\"WebSite\",\"@id\":\"https:\\\/\\\/marleneteglgaard.dk\\\/#website\",\"url\":\"https:\\\/\\\/marleneteglgaard.dk\\\/\",\"name\":\"Psykoterapi v\\\/Marlene Teglgaard\",\"description\":\"Billund \",\"publisher\":{\"@id\":\"https:\\\/\\\/marleneteglgaard.dk\\\/#organization\"},\"potentialAction\":[{\"@type\":\"SearchAction\",\"target\":{\"@type\":\"EntryPoint\",\"urlTemplate\":\"https:\\\/\\\/marleneteglgaard.dk\\\/?s={search_term_string}\"},\"query-input\":{\"@type\":\"PropertyValueSpecification\",\"valueRequired\":true,\"valueName\":\"search_term_string\"}}],\"inLanguage\":\"da-DK\"},{\"@type\":\"Organization\",\"@id\":\"https:\\\/\\\/marleneteglgaard.dk\\\/#organization\",\"name\":\"Psykoterapi v\\\/Marlene Teglgaard\",\"url\":\"https:\\\/\\\/marleneteglgaard.dk\\\/\",\"logo\":{\"@type\":\"ImageObject\",\"inLanguage\":\"da-DK\",\"@id\":\"https:\\\/\\\/marleneteglgaard.dk\\\/#\\\/schema\\\/logo\\\/image\\\/\",\"url\":\"https:\\\/\\\/marleneteglgaard.dk\\\/wp-content\\\/uploads\\\/2023\\\/10\\\/cropped-thumbnail_IMG_9645-e1696419512523.jpg\",\"contentUrl\":\"https:\\\/\\\/marleneteglgaard.dk\\\/wp-content\\\/uploads\\\/2023\\\/10\\\/cropped-thumbnail_IMG_9645-e1696419512523.jpg\",\"width\":512,\"height\":512,\"caption\":\"Psykoterapi v\\\/Marlene Teglgaard\"},\"image\":{\"@id\":\"https:\\\/\\\/marleneteglgaard.dk\\\/#\\\/schema\\\/logo\\\/image\\\/\"},\"sameAs\":[\"https:\\\/\\\/www.facebook.com\\\/profile.php?id=100085851555208\"]}]}<\/script>\n<!-- \/ Yoast SEO plugin. -->","yoast_head_json":{"title":"Om mig - Psykoterapi","robots":{"index":"index","follow":"follow","max-snippet":"max-snippet:-1","max-image-preview":"max-image-preview:large","max-video-preview":"max-video-preview:-1"},"canonical":"https:\/\/marleneteglgaard.dk\/index.php\/om\/","og_locale":"da_DK","og_type":"article","og_title":"Om mig - Psykoterapi","og_description":"Professionel og hjertevarm psykoterapeut S\u00e5dan vil jeg beskrive mig selv og begge dele vil du opleve, n\u00e5r du er i [&hellip;]","og_url":"https:\/\/marleneteglgaard.dk\/index.php\/om\/","og_site_name":"Psykoterapi","article_publisher":"https:\/\/www.facebook.com\/profile.php?id=100085851555208","article_modified_time":"2026-01-22T14:08:03+00:00","og_image":[{"width":1158,"height":1544,"url":"https:\/\/marleneteglgaard.dk\/wp-content\/uploads\/2025\/10\/Psykoterapeut-1-rotated.jpg","type":"image\/jpeg"}],"twitter_card":"summary_large_image","twitter_misc":{"Estimeret l\u00e6setid":"4 minutter"},"schema":{"@context":"https:\/\/schema.org","@graph":[{"@type":"WebPage","@id":"https:\/\/marleneteglgaard.dk\/index.php\/om\/","url":"https:\/\/marleneteglgaard.dk\/index.php\/om\/","name":"Om mig - Psykoterapi","isPartOf":{"@id":"https:\/\/marleneteglgaard.dk\/#website"},"primaryImageOfPage":{"@id":"https:\/\/marleneteglgaard.dk\/index.php\/om\/#primaryimage"},"image":{"@id":"https:\/\/marleneteglgaard.dk\/index.php\/om\/#primaryimage"},"thumbnailUrl":"https:\/\/marleneteglgaard.dk\/wp-content\/uploads\/2025\/10\/Psykoterapeut-1-768x1024.jpg","datePublished":"2023-10-04T10:01:34+00:00","dateModified":"2026-01-22T14:08:03+00:00","breadcrumb":{"@id":"https:\/\/marleneteglgaard.dk\/index.php\/om\/#breadcrumb"},"inLanguage":"da-DK","potentialAction":[{"@type":"ReadAction","target":["https:\/\/marleneteglgaard.dk\/index.php\/om\/"]}]},{"@type":"ImageObject","inLanguage":"da-DK","@id":"https:\/\/marleneteglgaard.dk\/index.php\/om\/#primaryimage","url":"https:\/\/marleneteglgaard.dk\/wp-content\/uploads\/2025\/10\/Psykoterapeut-1-rotated.jpg","contentUrl":"https:\/\/marleneteglgaard.dk\/wp-content\/uploads\/2025\/10\/Psykoterapeut-1-rotated.jpg","width":1158,"height":1544},{"@type":"BreadcrumbList","@id":"https:\/\/marleneteglgaard.dk\/index.php\/om\/#breadcrumb","itemListElement":[{"@type":"ListItem","position":1,"name":"Hjem","item":"https:\/\/marleneteglgaard.dk\/"},{"@type":"ListItem","position":2,"name":"Om mig"}]},{"@type":"WebSite","@id":"https:\/\/marleneteglgaard.dk\/#website","url":"https:\/\/marleneteglgaard.dk\/","name":"Psykoterapi v\/Marlene Teglgaard","description":"Billund ","publisher":{"@id":"https:\/\/marleneteglgaard.dk\/#organization"},"potentialAction":[{"@type":"SearchAction","target":{"@type":"EntryPoint","urlTemplate":"https:\/\/marleneteglgaard.dk\/?s={search_term_string}"},"query-input":{"@type":"PropertyValueSpecification","valueRequired":true,"valueName":"search_term_string"}}],"inLanguage":"da-DK"},{"@type":"Organization","@id":"https:\/\/marleneteglgaard.dk\/#organization","name":"Psykoterapi v\/Marlene Teglgaard","url":"https:\/\/marleneteglgaard.dk\/","logo":{"@type":"ImageObject","inLanguage":"da-DK","@id":"https:\/\/marleneteglgaard.dk\/#\/schema\/logo\/image\/","url":"https:\/\/marleneteglgaard.dk\/wp-content\/uploads\/2023\/10\/cropped-thumbnail_IMG_9645-e1696419512523.jpg","contentUrl":"https:\/\/marleneteglgaard.dk\/wp-content\/uploads\/2023\/10\/cropped-thumbnail_IMG_9645-e1696419512523.jpg","width":512,"height":512,"caption":"Psykoterapi v\/Marlene Teglgaard"},"image":{"@id":"https:\/\/marleneteglgaard.dk\/#\/schema\/logo\/image\/"},"sameAs":["https:\/\/www.facebook.com\/profile.php?id=100085851555208"]}]}},"_links":{"self":[{"href":"https:\/\/marleneteglgaard.dk\/index.php\/wp-json\/wp\/v2\/pages\/24","targetHints":{"allow":["GET"]}}],"collection":[{"href":"https:\/\/marleneteglgaard.dk\/index.php\/wp-json\/wp\/v2\/pages"}],"about":[{"href":"https:\/\/marleneteglgaard.dk\/index.php\/wp-json\/wp\/v2\/types\/page"}],"author":[{"embeddable":true,"href":"https:\/\/marleneteglgaard.dk\/index.php\/wp-json\/wp\/v2\/users\/1"}],"replies":[{"embeddable":true,"href":"https:\/\/marleneteglgaard.dk\/index.php\/wp-json\/wp\/v2\/comments?post=24"}],"version-history":[{"count":14,"href":"https:\/\/marleneteglgaard.dk\/index.php\/wp-json\/wp\/v2\/pages\/24\/revisions"}],"predecessor-version":[{"id":521,"href":"https:\/\/marleneteglgaard.dk\/index.php\/wp-json\/wp\/v2\/pages\/24\/revisions\/521"}],"wp:attachment":[{"href":"https:\/\/marleneteglgaard.dk\/index.php\/wp-json\/wp\/v2\/media?parent=24"}],"curies":[{"name":"wp","href":"https:\/\/api.w.org\/{rel}","templated":true}]}}