{"id":2,"date":"2023-10-04T11:31:08","date_gmt":"2023-10-04T11:31:08","guid":{"rendered":"http:\/\/marleneteglgaard.dk\/?page_id=2"},"modified":"2025-12-18T14:29:15","modified_gmt":"2025-12-18T14:29:15","slug":"samtaleterapi-til-private","status":"publish","type":"page","link":"https:\/\/marleneteglgaard.dk\/index.php\/samtaleterapi-til-private\/","title":{"rendered":"Psykoterapi"},"content":{"rendered":"\n<figure class=\"wp-block-gallery has-nested-images columns-default is-cropped wp-block-gallery-1 is-layout-flex wp-block-gallery-is-layout-flex\"><\/figure>\n\n\n\n<h2 class=\"wp-block-heading\">v\/Psykoterapeut Marlene Teglgaard<\/h2>\n\n\n\n<p>Jeg tilbyder samtaleterapi i Sundhedshuset i Billund, -herunder parterapi, familie-samtaler og individuelle samtaler. Du er altid velkommen til at kontakte mig for at h\u00f8re om jeg er den rette til at hj\u00e6lpe dig\/jer. Kontakt mig p\u00e5 telefon <a href=\"tel:23747586\">23747586<\/a> eller skriv til mig <a data-type=\"page\" data-id=\"25\" href=\"mailto:marleneteglgaard-psykoterapeut@outlook.dk\">her<\/a>.<\/p>\n\n\n\n<h2 class=\"wp-block-heading\">Individuel samtaleterapi<\/h2>\n\n\n\n<p>Som barn, ung og voksen kan du opleve udfordringer i livet, hvor du har brug for en at tale med. Ofte kan det v\u00e6re hj\u00e6lpsomt, at det er en udenforst\u00e5ende.<\/p>\n\n\n\n<p>Det kan v\u00e6re at du pga. angst, sorg, krise eller andet oplever at have brug for en, der kan lytte og stille de rigtige sp\u00f8rgsm\u00e5l, s\u00e5 du igen oplever h\u00e5b og mulighed for at g\u00f8re det du \u00f8nsker. <\/p>\n\n\n\n<p>M\u00e5ske g\u00e5r du med en fornemmelse af ikke at kunne &#8216;m\u00e6rke dig selv&#8217;. Du ved m\u00e5ske at noget ikke er som det skal v\u00e6re, men du har vanskelig ved at s\u00e6tte ord p\u00e5, hvad det er &#8211; og m\u00e5ske har du en fornemmelse? Bliver du indimellem usikker, bange eller en udgave af dig selv, som du ikke \u00f8nsker at v\u00e6re? Uanset hvad, s\u00e5 kan jeg hj\u00e6lpe dig med at finde frem til, hvad det er der p\u00e5virker og trigger dit hum\u00f8r og m\u00e5ske ogs\u00e5 din adf\u00e6rd. Sammen kan vi g\u00e5 p\u00e5 opdagelse i, hvad der kan hj\u00e6lpe dig til igen at m\u00e6rke dig selv og dine behov, s\u00e5 det bliver nemmere for dig at v\u00e6re den udgave af dig selv, som du \u00f8nsker at v\u00e6re.<\/p>\n\n\n\n<h3 class=\"wp-block-heading has-normal-font-size\" style=\"font-style:normal;font-weight:600\">Temaer kan bl.a. v\u00e6re:<\/h3>\n\n\n\n<ul class=\"wp-block-list\">\n<li>Angst, depression eller anden psykisk lidelse<\/li>\n\n\n\n<li>Stress<\/li>\n\n\n\n<li>Livskrise (sygdom, sorg, samlivsoph\u00f8r eller andet)<\/li>\n\n\n\n<li>Tristhed\/tomhed<\/li>\n\n\n\n<li>Ensomhed<\/li>\n\n\n\n<li>Opv\u00e6kst<\/li>\n\n\n\n<li>Identitet(k\u00f8n)<\/li>\n\n\n\n<li>Traume<\/li>\n\n\n\n<li>Relationer<\/li>\n<\/ul>\n\n\n\n<div class=\"wp-block-group is-vertical is-layout-flex wp-container-core-group-is-layout-fe9cc265 wp-block-group-is-layout-flex\">\n<h4 class=\"wp-block-heading\">Pris for individuel samtale: 795 kr pr. samtale af 60 minutters varighed<\/h4>\n\n\n\n<div class=\"wp-block-columns is-layout-flex wp-container-core-columns-is-layout-28f84493 wp-block-columns-is-layout-flex\">\n<div class=\"wp-block-column is-layout-flow wp-block-column-is-layout-flow\" style=\"flex-basis:100%\">\n<div class=\"wp-block-media-text is-stacked-on-mobile\"><figure class=\"wp-block-media-text__media\"><img loading=\"lazy\" decoding=\"async\" width=\"608\" height=\"957\" src=\"https:\/\/marleneteglgaard.dk\/wp-content\/uploads\/2025\/01\/4x8s05ld.png\" alt=\"\" class=\"wp-image-296 size-full\" srcset=\"https:\/\/marleneteglgaard.dk\/wp-content\/uploads\/2025\/01\/4x8s05ld.png 608w, https:\/\/marleneteglgaard.dk\/wp-content\/uploads\/2025\/01\/4x8s05ld-191x300.png 191w\" sizes=\"auto, (max-width: 608px) 100vw, 608px\" \/><\/figure><div class=\"wp-block-media-text__content\">\n<p class=\"has-text-align-center has-large-font-size\"><\/p>\n<\/div><\/div>\n<\/div>\n<\/div>\n\n\n\n<div class=\"wp-block-columns is-layout-flex wp-container-core-columns-is-layout-28f84493 wp-block-columns-is-layout-flex\">\n<div class=\"wp-block-column is-layout-flow wp-block-column-is-layout-flow\" style=\"flex-basis:100%\"><\/div>\n<\/div>\n\n\n\n<p class=\"has-text-align-center\"><\/p>\n\n\n\n<h2 class=\"wp-block-heading\">Parterapi<\/h2>\n\n\n\n<p>Oplever I udfordringer som par og \u00f8nsker I hj\u00e6lp til at genfinde k\u00e6rligheden og n\u00e6rv\u00e6ret i jeres parforhold? Det kan ogs\u00e5 v\u00e6re, at I som nyforelskede eller l\u00e6ngevarende par blot \u00f8nsker, at give jeres forhold de bedste betingelser og derfor er nysgerrige p\u00e5 at pr\u00f8ve parterapi?<\/p>\n\n\n\n<p>Man k\u00f8rer sin bil p\u00e5 v\u00e6rksted til serviceeftersyn, for at sikre at den k\u00f8rer s\u00e5 mange gode kilometer som muligt. Jeg opfordrer til, at I ogs\u00e5 plejer jeres parforhold &#8211; og m\u00e5ske endda tager et serviceeftersyn af parforholdet inden krisen opst\u00e5r.<\/p>\n\n\n\n<p>Det kan ogs\u00e5 v\u00e6re, at I st\u00e5r midt i orkanens \u00f8je og eksempelvis har mange sk\u00e6nderier og konflikter eller har oplevet sygdom, utroskab eller andet og derfor har brug for hj\u00e6lp og st\u00f8tte til at v\u00e6re der for hinanden.<\/p>\n\n\n\n<p>I parterapi vil I opleve, at jeg hj\u00e6lper jer til at f\u00e5 sat ord p\u00e5 b\u00e5de de rare og de sv\u00e6re f\u00f8lelser. Jeg vil have fokus p\u00e5, at I hver is\u00e6r og som par oplever jer set, m\u00f8dt og hjulpet.<\/p>\n\n\n\n<p>Udover en systemisk og narrativ tilgang er jeg i parterapien ogs\u00e5 inspireret at Imago terapi samt EFT (Emotionsfokuseret terapi).<\/p>\n\n\n\n<p><\/p>\n\n\n\n<h3 class=\"wp-block-heading\">Temaer kan bl.a. v\u00e6re:<\/h3>\n\n\n\n<ul class=\"wp-block-list\">\n<li>\u00d8nske om bedre kommunikation og samarbejde<\/li>\n\n\n\n<li>Mange sk\u00e6nderier\/konflikter, der skaber afstand imellem jer<\/li>\n\n\n\n<li>Manglende lyst til n\u00e6rhed og intimitet<\/li>\n\n\n\n<li>Travl hverdag og\/eller familieliv, der udfordrer jeres relation<\/li>\n\n\n\n<li>Utroskab eller andet tillidsbrud<\/li>\n\n\n\n<li>St\u00e5 st\u00e6rkt sammen som par midt i en livskrise (sygdom, sorg eller andet)<\/li>\n\n\n\n<li>Hj\u00e6lp til at st\u00e5 st\u00e6rkt sammen som par og for\u00e6ldre (f.eks. som for\u00e6ldre til et barn med s\u00e6rlige behov\/neurodivergens)<\/li>\n<\/ul>\n\n\n\n<p><a href=\"mailto:marleneteglgaard-psykoterapeut@outlook.dk\">Kontakt mig<\/a>, hvis I \u00f8nsker at pr\u00f8ve <a href=\"https:\/\/marleneteglgaard.dk\/index.php\/samtaleterapi-til-private\/parterapi-billund\/\">parterapi<\/a><\/p>\n\n\n\n<p><\/p>\n\n\n\n<h4 class=\"wp-block-heading\">Pris for parsamtale: 1400 kr pr. samtale af 90 minutters varighed<\/h4>\n<\/div>\n\n\n\n<h2 class=\"wp-block-heading has-text-align-left\">Familie-terapi<\/h2>\n\n\n\n<p>Jeg tilbyder samtaleterapi som familie-samtaler, der tilrettel\u00e6gges i samarbejde med jer. Jeg har over 10 \u00e5rs erfaring i at hj\u00e6lpe familier, der oplever udfordringer.<\/p>\n\n\n\n<p>Jeg ved at man som barn, ung og voksen har brug for at blive set, m\u00f8dt og anerkendt s\u00e6rligt n\u00e5r man st\u00e5r midt i udfordringer der skaber bekymringer, tristhed eller mistrivsel. Jeg tror p\u00e5 at alle har gode intentioner og at alle g\u00f8r deres bedste, men at man som individ, par eller familie kan st\u00e5 i situationer, som er voldsomme og skaber tanker, f\u00f8lelser og m\u00f8nstre, som der kan v\u00e6re behov for st\u00f8tte til at v\u00e6re i og\/eller \u00e6ndre p\u00e5.<\/p>\n\n\n\n<p>I samtaleterapi kommer jeg som udgangspunkt ikke med r\u00e5d og vejledning, men derimod sammen med jer g\u00e5 p\u00e5 opdagelse i de fort\u00e6llinger og erfaringer, der er i jeres (familie)liv.<\/p>\n\n\n\n<h3 class=\"wp-block-heading\">Temaer kan bl.a. v\u00e6re<\/h3>\n\n\n\n<ul class=\"wp-block-list\">\n<li>Angst, depression eller andet sygdom hos enten barnet\/den unge eller for\u00e6ldre<\/li>\n\n\n\n<li>Ensomhed\/isolation<\/li>\n\n\n\n<li>Identitet (k\u00f8n)<\/li>\n\n\n\n<li>Familiedynamik\/konflikter<\/li>\n\n\n\n<li>Skilsmisse<\/li>\n\n\n\n<li>Sorg<\/li>\n\n\n\n<li>Misbrug<\/li>\n<\/ul>\n\n\n\n<p>Kontakt mig, hvis I \u00f8nsker at pr\u00f8ve familieterapi.<\/p>\n\n\n\n<h4 class=\"wp-block-heading\">Pris for familie-samtale: 1400 kr pr. samtale af 90 minutters varighed<\/h4>\n\n\n\n<div class=\"wp-block-cover is-light\"><img loading=\"lazy\" decoding=\"async\" width=\"1920\" height=\"2560\" class=\"wp-block-cover__image-background wp-image-301\" alt=\"\" src=\"https:\/\/marleneteglgaard.dk\/wp-content\/uploads\/2025\/01\/IMG_5885-scaled.jpg\" data-object-fit=\"cover\" srcset=\"https:\/\/marleneteglgaard.dk\/wp-content\/uploads\/2025\/01\/IMG_5885-scaled.jpg 1920w, https:\/\/marleneteglgaard.dk\/wp-content\/uploads\/2025\/01\/IMG_5885-225x300.jpg 225w, https:\/\/marleneteglgaard.dk\/wp-content\/uploads\/2025\/01\/IMG_5885-768x1024.jpg 768w, https:\/\/marleneteglgaard.dk\/wp-content\/uploads\/2025\/01\/IMG_5885-1152x1536.jpg 1152w, https:\/\/marleneteglgaard.dk\/wp-content\/uploads\/2025\/01\/IMG_5885-1536x2048.jpg 1536w, https:\/\/marleneteglgaard.dk\/wp-content\/uploads\/2025\/01\/IMG_5885-1568x2091.jpg 1568w\" sizes=\"auto, (max-width: 1920px) 100vw, 1920px\" \/><span aria-hidden=\"true\" class=\"wp-block-cover__background has-background-dim\" style=\"background-color:#aaa596\"><\/span><div class=\"wp-block-cover__inner-container is-layout-flow wp-block-cover-is-layout-flow\">\n<p class=\"has-text-align-center has-large-font-size\">Det siger klienterne&#8230;<\/p>\n\n\n\n<p><em>\u201dJeg er S\u00c5 glad for at jeg trodsede alle andre og s\u00f8gte hj\u00e6lp til det alle mente var d\u00e5rlig opdragelse og mangel p\u00e5 struktur, men som jeg vidste handlede om noget helt andet\u201d<\/em><\/p>\n\n\n\n<p class=\"has-text-align-center\">Mor til teenager<\/p>\n<\/div><\/div>\n\n\n\n<div class=\"wp-block-cover\"><img loading=\"lazy\" decoding=\"async\" width=\"768\" height=\"1024\" class=\"wp-block-cover__image-background wp-image-197\" alt=\"\" src=\"https:\/\/marleneteglgaard.dk\/wp-content\/uploads\/2023\/10\/Himmel-og-skyer-3-768x1024.jpg\" data-object-fit=\"cover\" srcset=\"https:\/\/marleneteglgaard.dk\/wp-content\/uploads\/2023\/10\/Himmel-og-skyer-3-768x1024.jpg 768w, https:\/\/marleneteglgaard.dk\/wp-content\/uploads\/2023\/10\/Himmel-og-skyer-3-225x300.jpg 225w, https:\/\/marleneteglgaard.dk\/wp-content\/uploads\/2023\/10\/Himmel-og-skyer-3-1152x1536.jpg 1152w, https:\/\/marleneteglgaard.dk\/wp-content\/uploads\/2023\/10\/Himmel-og-skyer-3.jpg 1440w\" sizes=\"auto, (max-width: 768px) 100vw, 768px\" \/><span aria-hidden=\"true\" class=\"wp-block-cover__background has-background-dim\"><\/span><div class=\"wp-block-cover__inner-container is-layout-flow wp-block-cover-is-layout-flow\">\n<p class=\"has-text-align-center has-large-font-size\"><em>\u201dAt v\u00e6re i forl\u00f8b hos dig, er trygt og rart. Dine sm\u00e5 tegninger form\u00e5r at g\u00f8re alt det der virker s\u00e5 stort og sv\u00e6rt, til noget helt simpelt og overskueligt. Selv om det har v\u00e6ret sv\u00e6rt at beskrive de tanker og frustrationer der har fyldt meget, s\u00e5 er det som om, at du med et trylleslag f\u00e5r stillet de rette sp\u00f8rgsm\u00e5l og griber lige netop de ord der beskriver det bedst. Vi kunne ikke v\u00e6re n\u00e5et hertil uden din hj\u00e6lp, og vi er helt trygge ved at vide at du er lige der, hvis vi igen f\u00e5r brug for et trygt sted at s\u00f8ge vejledning\u201d<\/em><\/p>\n\n\n\n<p class=\"has-text-align-center\">For\u00e6ldre til teenager<\/p>\n<\/div><\/div>\n\n\n\n<p><strong>Kontakt mig for at h\u00f8re mere om samtaleterapi<\/strong><\/p>\n\n\n\n<p><a href=\"mailto:marleneteglgaard-psykoterapeut@outlook.dk\">marleneteglgaard-psykoterapeut@outlook.dk<\/a><\/p>\n\n\n\n<p>Sundhedshuset<br>Granvej 2E, st. 7190 Billund<\/p>\n\n\n\n<p>Telefon: +45 2374 7586<\/p>\n\n\n\n<p><\/p>\n","protected":false},"excerpt":{"rendered":"<p>v\/Psykoterapeut Marlene Teglgaard Jeg tilbyder samtaleterapi i Sundhedshuset i Billund, -herunder parterapi, familie-samtaler og individuelle samtaler. Du er altid velkommen [&hellip;]<\/p>\n","protected":false},"author":1,"featured_media":351,"parent":0,"menu_order":0,"comment_status":"closed","ping_status":"open","template":"","meta":{"site-sidebar-layout":"default","site-content-layout":"","ast-site-content-layout":"default","site-content-style":"default","site-sidebar-style":"default","ast-global-header-display":"","ast-banner-title-visibility":"","ast-main-header-display":"","ast-hfb-above-header-display":"","ast-hfb-below-header-display":"","ast-hfb-mobile-header-display":"","site-post-title":"","ast-breadcrumbs-content":"","ast-featured-img":"","footer-sml-layout":"","ast-disable-related-posts":"","theme-transparent-header-meta":"","adv-header-id-meta":"","stick-header-meta":"","header-above-stick-meta":"","header-main-stick-meta":"","header-below-stick-meta":"","astra-migrate-meta-layouts":"default","ast-page-background-enabled":"default","ast-page-background-meta":{"desktop":{"background-color":"var(--ast-global-color-5)","background-image":"","background-repeat":"repeat","background-position":"center center","background-size":"auto","background-attachment":"scroll","background-type":"","background-media":"","overlay-type":"","overlay-color":"","overlay-opacity":"","overlay-gradient":""},"tablet":{"background-color":"","background-image":"","background-repeat":"repeat","background-position":"center center","background-size":"auto","background-attachment":"scroll","background-type":"","background-media":"","overlay-type":"","overlay-color":"","overlay-opacity":"","overlay-gradient":""},"mobile":{"background-color":"","background-image":"","background-repeat":"repeat","background-position":"center center","background-size":"auto","background-attachment":"scroll","background-type":"","background-media":"","overlay-type":"","overlay-color":"","overlay-opacity":"","overlay-gradient":""}},"ast-content-background-meta":{"desktop":{"background-color":"var(--ast-global-color-4)","background-image":"","background-repeat":"repeat","background-position":"center center","background-size":"auto","background-attachment":"scroll","background-type":"","background-media":"","overlay-type":"","overlay-color":"","overlay-opacity":"","overlay-gradient":""},"tablet":{"background-color":"var(--ast-global-color-4)","background-image":"","background-repeat":"repeat","background-position":"center center","background-size":"auto","background-attachment":"scroll","background-type":"","background-media":"","overlay-type":"","overlay-color":"","overlay-opacity":"","overlay-gradient":""},"mobile":{"background-color":"var(--ast-global-color-4)","background-image":"","background-repeat":"repeat","background-position":"center center","background-size":"auto","background-attachment":"scroll","background-type":"","background-media":"","overlay-type":"","overlay-color":"","overlay-opacity":"","overlay-gradient":""}},"footnotes":""},"class_list":["post-2","page","type-page","status-publish","has-post-thumbnail","hentry"],"yoast_head":"<!-- This site is optimized with the Yoast SEO plugin v27.4 - https:\/\/yoast.com\/product\/yoast-seo-wordpress\/ -->\n<title>Psykoterapi - Psykoterapi<\/title>\n<meta name=\"description\" content=\"Samtaleterapi til b\u00e5de individuelle og par. Jeg tilbyder samtaleterapi og tager b\u00e5de individuelle, par og familier i forl\u00f8b. Parterapi.\" \/>\n<meta name=\"robots\" content=\"index, follow, max-snippet:-1, max-image-preview:large, max-video-preview:-1\" \/>\n<link rel=\"canonical\" href=\"https:\/\/marleneteglgaard.dk\/index.php\/samtaleterapi-til-private\/\" \/>\n<meta property=\"og:locale\" content=\"da_DK\" \/>\n<meta property=\"og:type\" content=\"article\" \/>\n<meta property=\"og:title\" content=\"Psykoterapi - Psykoterapi\" \/>\n<meta property=\"og:description\" content=\"Samtaleterapi til b\u00e5de individuelle og par. Jeg tilbyder samtaleterapi og tager b\u00e5de individuelle, par og familier i forl\u00f8b. Parterapi.\" \/>\n<meta property=\"og:url\" content=\"https:\/\/marleneteglgaard.dk\/index.php\/samtaleterapi-til-private\/\" \/>\n<meta property=\"og:site_name\" content=\"Psykoterapi\" \/>\n<meta property=\"article:publisher\" content=\"https:\/\/www.facebook.com\/profile.php?id=100085851555208\" \/>\n<meta property=\"article:modified_time\" content=\"2025-12-18T14:29:15+00:00\" \/>\n<meta property=\"og:image\" content=\"https:\/\/marleneteglgaard.dk\/wp-content\/uploads\/2025\/08\/Tavle-edited-1.jpg\" \/>\n\t<meta property=\"og:image:width\" content=\"1029\" \/>\n\t<meta property=\"og:image:height\" content=\"1029\" \/>\n\t<meta property=\"og:image:type\" content=\"image\/jpeg\" \/>\n<meta name=\"twitter:card\" content=\"summary_large_image\" \/>\n<meta name=\"twitter:label1\" content=\"Estimeret l\u00e6setid\" \/>\n\t<meta name=\"twitter:data1\" content=\"6 minutter\" \/>\n<script type=\"application\/ld+json\" class=\"yoast-schema-graph\">{\"@context\":\"https:\\\/\\\/schema.org\",\"@graph\":[{\"@type\":\"WebPage\",\"@id\":\"https:\\\/\\\/marleneteglgaard.dk\\\/index.php\\\/samtaleterapi-til-private\\\/\",\"url\":\"https:\\\/\\\/marleneteglgaard.dk\\\/index.php\\\/samtaleterapi-til-private\\\/\",\"name\":\"Psykoterapi - Psykoterapi\",\"isPartOf\":{\"@id\":\"https:\\\/\\\/marleneteglgaard.dk\\\/#website\"},\"primaryImageOfPage\":{\"@id\":\"https:\\\/\\\/marleneteglgaard.dk\\\/index.php\\\/samtaleterapi-til-private\\\/#primaryimage\"},\"image\":{\"@id\":\"https:\\\/\\\/marleneteglgaard.dk\\\/index.php\\\/samtaleterapi-til-private\\\/#primaryimage\"},\"thumbnailUrl\":\"https:\\\/\\\/marleneteglgaard.dk\\\/wp-content\\\/uploads\\\/2025\\\/08\\\/Tavle-edited-1.jpg\",\"datePublished\":\"2023-10-04T11:31:08+00:00\",\"dateModified\":\"2025-12-18T14:29:15+00:00\",\"description\":\"Samtaleterapi til b\u00e5de individuelle og par. Jeg tilbyder samtaleterapi og tager b\u00e5de individuelle, par og familier i forl\u00f8b. Parterapi.\",\"breadcrumb\":{\"@id\":\"https:\\\/\\\/marleneteglgaard.dk\\\/index.php\\\/samtaleterapi-til-private\\\/#breadcrumb\"},\"inLanguage\":\"da-DK\",\"potentialAction\":[{\"@type\":\"ReadAction\",\"target\":[\"https:\\\/\\\/marleneteglgaard.dk\\\/index.php\\\/samtaleterapi-til-private\\\/\"]}]},{\"@type\":\"ImageObject\",\"inLanguage\":\"da-DK\",\"@id\":\"https:\\\/\\\/marleneteglgaard.dk\\\/index.php\\\/samtaleterapi-til-private\\\/#primaryimage\",\"url\":\"https:\\\/\\\/marleneteglgaard.dk\\\/wp-content\\\/uploads\\\/2025\\\/08\\\/Tavle-edited-1.jpg\",\"contentUrl\":\"https:\\\/\\\/marleneteglgaard.dk\\\/wp-content\\\/uploads\\\/2025\\\/08\\\/Tavle-edited-1.jpg\",\"width\":1029,\"height\":1029},{\"@type\":\"BreadcrumbList\",\"@id\":\"https:\\\/\\\/marleneteglgaard.dk\\\/index.php\\\/samtaleterapi-til-private\\\/#breadcrumb\",\"itemListElement\":[{\"@type\":\"ListItem\",\"position\":1,\"name\":\"Hjem\",\"item\":\"https:\\\/\\\/marleneteglgaard.dk\\\/\"},{\"@type\":\"ListItem\",\"position\":2,\"name\":\"Psykoterapi\"}]},{\"@type\":\"WebSite\",\"@id\":\"https:\\\/\\\/marleneteglgaard.dk\\\/#website\",\"url\":\"https:\\\/\\\/marleneteglgaard.dk\\\/\",\"name\":\"Psykoterapi v\\\/Marlene Teglgaard\",\"description\":\"Billund \",\"publisher\":{\"@id\":\"https:\\\/\\\/marleneteglgaard.dk\\\/#organization\"},\"potentialAction\":[{\"@type\":\"SearchAction\",\"target\":{\"@type\":\"EntryPoint\",\"urlTemplate\":\"https:\\\/\\\/marleneteglgaard.dk\\\/?s={search_term_string}\"},\"query-input\":{\"@type\":\"PropertyValueSpecification\",\"valueRequired\":true,\"valueName\":\"search_term_string\"}}],\"inLanguage\":\"da-DK\"},{\"@type\":\"Organization\",\"@id\":\"https:\\\/\\\/marleneteglgaard.dk\\\/#organization\",\"name\":\"Psykoterapi v\\\/Marlene Teglgaard\",\"url\":\"https:\\\/\\\/marleneteglgaard.dk\\\/\",\"logo\":{\"@type\":\"ImageObject\",\"inLanguage\":\"da-DK\",\"@id\":\"https:\\\/\\\/marleneteglgaard.dk\\\/#\\\/schema\\\/logo\\\/image\\\/\",\"url\":\"https:\\\/\\\/marleneteglgaard.dk\\\/wp-content\\\/uploads\\\/2023\\\/10\\\/cropped-thumbnail_IMG_9645-e1696419512523.jpg\",\"contentUrl\":\"https:\\\/\\\/marleneteglgaard.dk\\\/wp-content\\\/uploads\\\/2023\\\/10\\\/cropped-thumbnail_IMG_9645-e1696419512523.jpg\",\"width\":512,\"height\":512,\"caption\":\"Psykoterapi v\\\/Marlene Teglgaard\"},\"image\":{\"@id\":\"https:\\\/\\\/marleneteglgaard.dk\\\/#\\\/schema\\\/logo\\\/image\\\/\"},\"sameAs\":[\"https:\\\/\\\/www.facebook.com\\\/profile.php?id=100085851555208\"]}]}<\/script>\n<!-- \/ Yoast SEO plugin. -->","yoast_head_json":{"title":"Psykoterapi - Psykoterapi","description":"Samtaleterapi til b\u00e5de individuelle og par. Jeg tilbyder samtaleterapi og tager b\u00e5de individuelle, par og familier i forl\u00f8b. Parterapi.","robots":{"index":"index","follow":"follow","max-snippet":"max-snippet:-1","max-image-preview":"max-image-preview:large","max-video-preview":"max-video-preview:-1"},"canonical":"https:\/\/marleneteglgaard.dk\/index.php\/samtaleterapi-til-private\/","og_locale":"da_DK","og_type":"article","og_title":"Psykoterapi - Psykoterapi","og_description":"Samtaleterapi til b\u00e5de individuelle og par. Jeg tilbyder samtaleterapi og tager b\u00e5de individuelle, par og familier i forl\u00f8b. Parterapi.","og_url":"https:\/\/marleneteglgaard.dk\/index.php\/samtaleterapi-til-private\/","og_site_name":"Psykoterapi","article_publisher":"https:\/\/www.facebook.com\/profile.php?id=100085851555208","article_modified_time":"2025-12-18T14:29:15+00:00","og_image":[{"width":1029,"height":1029,"url":"https:\/\/marleneteglgaard.dk\/wp-content\/uploads\/2025\/08\/Tavle-edited-1.jpg","type":"image\/jpeg"}],"twitter_card":"summary_large_image","twitter_misc":{"Estimeret l\u00e6setid":"6 minutter"},"schema":{"@context":"https:\/\/schema.org","@graph":[{"@type":"WebPage","@id":"https:\/\/marleneteglgaard.dk\/index.php\/samtaleterapi-til-private\/","url":"https:\/\/marleneteglgaard.dk\/index.php\/samtaleterapi-til-private\/","name":"Psykoterapi - Psykoterapi","isPartOf":{"@id":"https:\/\/marleneteglgaard.dk\/#website"},"primaryImageOfPage":{"@id":"https:\/\/marleneteglgaard.dk\/index.php\/samtaleterapi-til-private\/#primaryimage"},"image":{"@id":"https:\/\/marleneteglgaard.dk\/index.php\/samtaleterapi-til-private\/#primaryimage"},"thumbnailUrl":"https:\/\/marleneteglgaard.dk\/wp-content\/uploads\/2025\/08\/Tavle-edited-1.jpg","datePublished":"2023-10-04T11:31:08+00:00","dateModified":"2025-12-18T14:29:15+00:00","description":"Samtaleterapi til b\u00e5de individuelle og par. Jeg tilbyder samtaleterapi og tager b\u00e5de individuelle, par og familier i forl\u00f8b. Parterapi.","breadcrumb":{"@id":"https:\/\/marleneteglgaard.dk\/index.php\/samtaleterapi-til-private\/#breadcrumb"},"inLanguage":"da-DK","potentialAction":[{"@type":"ReadAction","target":["https:\/\/marleneteglgaard.dk\/index.php\/samtaleterapi-til-private\/"]}]},{"@type":"ImageObject","inLanguage":"da-DK","@id":"https:\/\/marleneteglgaard.dk\/index.php\/samtaleterapi-til-private\/#primaryimage","url":"https:\/\/marleneteglgaard.dk\/wp-content\/uploads\/2025\/08\/Tavle-edited-1.jpg","contentUrl":"https:\/\/marleneteglgaard.dk\/wp-content\/uploads\/2025\/08\/Tavle-edited-1.jpg","width":1029,"height":1029},{"@type":"BreadcrumbList","@id":"https:\/\/marleneteglgaard.dk\/index.php\/samtaleterapi-til-private\/#breadcrumb","itemListElement":[{"@type":"ListItem","position":1,"name":"Hjem","item":"https:\/\/marleneteglgaard.dk\/"},{"@type":"ListItem","position":2,"name":"Psykoterapi"}]},{"@type":"WebSite","@id":"https:\/\/marleneteglgaard.dk\/#website","url":"https:\/\/marleneteglgaard.dk\/","name":"Psykoterapi v\/Marlene Teglgaard","description":"Billund ","publisher":{"@id":"https:\/\/marleneteglgaard.dk\/#organization"},"potentialAction":[{"@type":"SearchAction","target":{"@type":"EntryPoint","urlTemplate":"https:\/\/marleneteglgaard.dk\/?s={search_term_string}"},"query-input":{"@type":"PropertyValueSpecification","valueRequired":true,"valueName":"search_term_string"}}],"inLanguage":"da-DK"},{"@type":"Organization","@id":"https:\/\/marleneteglgaard.dk\/#organization","name":"Psykoterapi v\/Marlene Teglgaard","url":"https:\/\/marleneteglgaard.dk\/","logo":{"@type":"ImageObject","inLanguage":"da-DK","@id":"https:\/\/marleneteglgaard.dk\/#\/schema\/logo\/image\/","url":"https:\/\/marleneteglgaard.dk\/wp-content\/uploads\/2023\/10\/cropped-thumbnail_IMG_9645-e1696419512523.jpg","contentUrl":"https:\/\/marleneteglgaard.dk\/wp-content\/uploads\/2023\/10\/cropped-thumbnail_IMG_9645-e1696419512523.jpg","width":512,"height":512,"caption":"Psykoterapi v\/Marlene Teglgaard"},"image":{"@id":"https:\/\/marleneteglgaard.dk\/#\/schema\/logo\/image\/"},"sameAs":["https:\/\/www.facebook.com\/profile.php?id=100085851555208"]}]}},"_links":{"self":[{"href":"https:\/\/marleneteglgaard.dk\/index.php\/wp-json\/wp\/v2\/pages\/2","targetHints":{"allow":["GET"]}}],"collection":[{"href":"https:\/\/marleneteglgaard.dk\/index.php\/wp-json\/wp\/v2\/pages"}],"about":[{"href":"https:\/\/marleneteglgaard.dk\/index.php\/wp-json\/wp\/v2\/types\/page"}],"author":[{"embeddable":true,"href":"https:\/\/marleneteglgaard.dk\/index.php\/wp-json\/wp\/v2\/users\/1"}],"replies":[{"embeddable":true,"href":"https:\/\/marleneteglgaard.dk\/index.php\/wp-json\/wp\/v2\/comments?post=2"}],"version-history":[{"count":55,"href":"https:\/\/marleneteglgaard.dk\/index.php\/wp-json\/wp\/v2\/pages\/2\/revisions"}],"predecessor-version":[{"id":525,"href":"https:\/\/marleneteglgaard.dk\/index.php\/wp-json\/wp\/v2\/pages\/2\/revisions\/525"}],"wp:featuredmedia":[{"embeddable":true,"href":"https:\/\/marleneteglgaard.dk\/index.php\/wp-json\/wp\/v2\/media\/351"}],"wp:attachment":[{"href":"https:\/\/marleneteglgaard.dk\/index.php\/wp-json\/wp\/v2\/media?parent=2"}],"curies":[{"name":"wp","href":"https:\/\/api.w.org\/{rel}","templated":true}]}}